{"id":741,"date":"2017-11-01T14:51:23","date_gmt":"2017-11-01T14:51:23","guid":{"rendered":"https:\/\/www.metalreti.com\/chi-siamo\/"},"modified":"2019-10-26T20:59:46","modified_gmt":"2019-10-26T18:59:46","slug":"chi-siamo","status":"publish","type":"page","link":"https:\/\/www.metalreti.com\/fr\/chi-siamo\/","title":{"rendered":"Pr\u00e9sentation"},"content":{"rendered":"<div class=\"wpb-content-wrapper\"><p>[vc_row css_animation=\u00a0\u00bb\u00a0\u00bb row_type=\u00a0\u00bbrow\u00a0\u00bb use_row_as_full_screen_section=\u00a0\u00bbno\u00a0\u00bb type=\u00a0\u00bbgrid\u00a0\u00bb angled_section=\u00a0\u00bbno\u00a0\u00bb text_align=\u00a0\u00bbleft\u00a0\u00bb background_image_as_pattern=\u00a0\u00bbwithout_pattern\u00a0\u00bb css=\u00a0\u00bb.vc_custom_1563455055006{padding-top: 70px !important;padding-bottom: 0px !important;background-color: #f0f0f0 !important;}\u00a0\u00bb z_index=\u00a0\u00bb\u00a0\u00bb][vc_column][qode_elements_holder number_of_columns=\u00a0\u00bbtwo_columns\u00a0\u00bb switch_to_one_column=\u00a0\u00bb1000&Prime;][qode_elements_holder_item advanced_animations=\u00a0\u00bbno\u00a0\u00bb item_padding=\u00a0\u00bb0 25px 50px 0px\u00a0\u00bb item_padding_1280_1440=\u00a0\u00bb0 25px 130px 0px\u00a0\u00bb item_padding_1024_1280=\u00a0\u00bb0 25px 50px 0px\u00a0\u00bb item_padding_600_768=\u00a0\u00bb20px 0px 0px 0px\u00a0\u00bb][vc_column_text]<\/p>\n<h2>Metalreti s.r.l.<\/h2>\n<p>[\/vc_column_text][vc_empty_space height=\u00a0\u00bb25px\u00a0\u00bb][vc_column_text]Nous sommes une soci\u00e9t\u00e9 moderne et dynamique et nous pouvons r\u00e9pondre rapidement \u00e0 toutes vos demandes de prix concernant nos articles standard ou bien hors-standard, m\u00eame pour de petites quantit\u00e9s.<br \/>\nNous avons la possibilit\u00e9 de livrer rapidement en Italie du Nord avec nos camionnettes, ou bien avec des transporteurs dans le reste d\u2019Italie et \u00e0 l\u2019\u00e9tranger.<br \/>\nNotre activit\u00e9 principale est la production de grillage soud\u00e9 en acier inox, en acier doux, en fil galva, en panneaux ou en rouleaux.<br \/>\nDepuis 2001 nous avons commenc\u00e9 notre activit\u00e9 avec le treillis soud\u00e9, apr\u00e8s nous avons \u00e9largie notre gamme avec le grillage ondul\u00e9, la toile m\u00e9tallique, les t\u00f4les perfor\u00e9es et le m\u00e9tal d\u00e9ploy\u00e9 sur demande.[\/vc_column_text][vc_empty_space height=\u00a0\u00bb35px\u00a0\u00bb]\n\n\t<a href=\"\/fr\/prodotti\/\" target=\"_self\" style=\"color: #ffffff;background-color: #c40d1e\" class=\"qode-btn qode-btn-medium qode-btn-solid qode-btn-custom-hover-bg qode-btn-custom-hover-color qode-btn-icon qodef-btn-icon-square qode-btn-icon-rotate\" data-hover-bg-color=\"#c40d1e\" data-hover-color=\"#ffffff\" >\n\t    <span class=\"qode-btn-text\">Voir nos produits<\/span><span class=\"qode-button-v2-icon-holder\" style=\"font-size: 20px;border-color: #e42d3e;background-color: #e42d3e\" data-hover-icon-border-color=\"#e42d3e\"><span aria-hidden=\"true\" class=\"qode_icon_font_elegant icon_plus qode-button-v2-icon-holder-inner\" ><\/span><\/span>\t<\/a>\n\n[\/qode_elements_holder_item][qode_elements_holder_item vertical_alignment=\u00a0\u00bbtop\u00a0\u00bb advanced_animations=\u00a0\u00bbno\u00a0\u00bb item_padding=\u00a0\u00bb0 0px 70px 25px\u00a0\u00bb item_padding_600_768=\u00a0\u00bb50px 0px 0 0px\u00a0\u00bb item_padding_480=\u00a0\u00bb50px 0px 0 0px\u00a0\u00bb][vc_single_image image=\u00a0\u00bb755&Prime; img_size=\u00a0\u00bbfull\u00a0\u00bb qode_css_animation=\u00a0\u00bb\u00a0\u00bb css=\u00a0\u00bb.vc_custom_1564504839189{margin-top: 30px !important;}\u00a0\u00bb][\/qode_elements_holder_item][\/qode_elements_holder][qode_elements_holder number_of_columns=\u00a0\u00bbone_column\u00a0\u00bb switch_to_one_column=\u00a0\u00bb1000&Prime;][qode_elements_holder_item advanced_animations=\u00a0\u00bbno\u00a0\u00bb item_padding=\u00a0\u00bb0 0px 80px 0px\u00a0\u00bb item_padding_1280_1440=\u00a0\u00bb0 25px 130px 0px\u00a0\u00bb item_padding_1024_1280=\u00a0\u00bb0 25px 50px 0px\u00a0\u00bb item_padding_600_768=\u00a0\u00bb20px 0px 0px 0px\u00a0\u00bb][vc_gallery type=\u00a0\u00bbimage_grid\u00a0\u00bb images=\u00a0\u00bb757,758,759,760&Prime; img_size=\u00a0\u00bbfull\u00a0\u00bb column_number=\u00a0\u00bb4&Prime; grayscale=\u00a0\u00bbno\u00a0\u00bb images_space=\u00a0\u00bbgallery_without_space\u00a0\u00bb][\/qode_elements_holder_item][\/qode_elements_holder][\/vc_column][\/vc_row][vc_row css_animation=\u00a0\u00bb\u00a0\u00bb row_type=\u00a0\u00bbrow\u00a0\u00bb use_row_as_full_screen_section=\u00a0\u00bbno\u00a0\u00bb type=\u00a0\u00bbfull_width\u00a0\u00bb angled_section=\u00a0\u00bbno\u00a0\u00bb text_align=\u00a0\u00bbleft\u00a0\u00bb background_image_as_pattern=\u00a0\u00bbwithout_pattern\u00a0\u00bb][vc_column][qode_elements_holder background_color=\u00a0\u00bb#eeeeee\u00a0\u00bb number_of_columns=\u00a0\u00bbone_column\u00a0\u00bb switch_to_one_column=\u00a0\u00bb1000&Prime;][qode_elements_holder_item advanced_animations=\u00a0\u00bbno\u00a0\u00bb background_color=\u00a0\u00bb#eeeeee\u00a0\u00bb item_padding=\u00a0\u00bb0&Prime;]<div class=\"call_to_action normal\" style=\"\"><div class=\"container_inner\"><div class=\"two_columns_75_25 clearfix\"><div class=\"text_wrapper column1\"><div class=\"call_to_action_text \" style=\"\"><span lang=\"fr-FR\">Contactez-nous pour plus d\u2019info <\/span><\/div><\/div><div class=\"button_wrapper column2\"><a itemprop=\"url\" href=\"\/fr\/contatti\/\" class=\"qbutton white \" target=\"_self\" style=\"background-color: #467199;\"data-hover-background-color=#ffffff data-hover-color=#467199>Contact<\/a><\/div><\/div><\/div><\/div>[\/qode_elements_holder_item][\/qode_elements_holder][\/vc_column][\/vc_row]<\/p>\n<\/div>","protected":false},"excerpt":{"rendered":"<p>[vc_row css_animation=\u00a0\u00bb\u00a0\u00bb row_type=\u00a0\u00bbrow\u00a0\u00bb use_row_as_full_screen_section=\u00a0\u00bbno\u00a0\u00bb type=\u00a0\u00bbgrid\u00a0\u00bb angled_section=\u00a0\u00bbno\u00a0\u00bb text_align=\u00a0\u00bbleft\u00a0\u00bb background_image_as_pattern=\u00a0\u00bbwithout_pattern\u00a0\u00bb css=\u00a0\u00bb.vc_custom_1563455055006{padding-top: 70px !important;padding-bottom: 0px !important;background-color: #f0f0f0 !important;}\u00a0\u00bb z_index=\u00a0\u00bb\u00a0\u00bb][vc_column][qode_elements_holder number_of_columns=\u00a0\u00bbtwo_columns\u00a0\u00bb switch_to_one_column=\u00a0\u00bb1000&Prime;][qode_elements_holder_item advanced_animations=\u00a0\u00bbno\u00a0\u00bb item_padding=\u00a0\u00bb0 25px 50px 0px\u00a0\u00bb item_padding_1280_1440=\u00a0\u00bb0 25px 130px 0px\u00a0\u00bb item_padding_1024_1280=\u00a0\u00bb0 25px 50px 0px\u00a0\u00bb item_padding_600_768=\u00a0\u00bb20px 0px 0px 0px\u00a0\u00bb][vc_column_text] Metalreti s.r.l. [\/vc_column_text][vc_empty_space height=\u00a0\u00bb25px\u00a0\u00bb][vc_column_text]Nous sommes une soci\u00e9t\u00e9 moderne et dynamique&#8230;<\/p>\n","protected":false},"author":1,"featured_media":0,"parent":0,"menu_order":0,"comment_status":"closed","ping_status":"closed","template":"full_width.php","meta":{"footnotes":""},"class_list":["post-741","page","type-page","status-publish","hentry"],"yoast_head":"<!-- This site is optimized with the Yoast SEO plugin v23.8 - https:\/\/yoast.com\/wordpress\/plugins\/seo\/ -->\n<title>Pr\u00e9sentation | METALRETI<\/title>\n<meta name=\"robots\" content=\"index, follow, max-snippet:-1, max-image-preview:large, max-video-preview:-1\" \/>\n<link rel=\"canonical\" href=\"https:\/\/www.metalreti.com\/chi-siamo\/\" \/>\n<meta property=\"og:locale\" content=\"fr_FR\" \/>\n<meta property=\"og:type\" content=\"article\" \/>\n<meta property=\"og:title\" content=\"Pr\u00e9sentation | METALRETI\" \/>\n<meta property=\"og:description\" content=\"[vc_row css_animation=\u00a0\u00bb\u00a0\u00bb row_type=\u00a0\u00bbrow\u00a0\u00bb use_row_as_full_screen_section=\u00a0\u00bbno\u00a0\u00bb type=\u00a0\u00bbgrid\u00a0\u00bb angled_section=\u00a0\u00bbno\u00a0\u00bb text_align=\u00a0\u00bbleft\u00a0\u00bb background_image_as_pattern=\u00a0\u00bbwithout_pattern\u00a0\u00bb css=\u00a0\u00bb.vc_custom_1563455055006{padding-top: 70px !important;padding-bottom: 0px !important;background-color: #f0f0f0 !important;}\u00a0\u00bb z_index=\u00a0\u00bb\u00a0\u00bb][vc_column][qode_elements_holder number_of_columns=\u00a0\u00bbtwo_columns\u00a0\u00bb switch_to_one_column=\u00a0\u00bb1000&Prime;][qode_elements_holder_item advanced_animations=\u00a0\u00bbno\u00a0\u00bb item_padding=\u00a0\u00bb0 25px 50px 0px\u00a0\u00bb item_padding_1280_1440=\u00a0\u00bb0 25px 130px 0px\u00a0\u00bb item_padding_1024_1280=\u00a0\u00bb0 25px 50px 0px\u00a0\u00bb item_padding_600_768=\u00a0\u00bb20px 0px 0px 0px\u00a0\u00bb][vc_column_text] Metalreti s.r.l. [\/vc_column_text][vc_empty_space height=\u00a0\u00bb25px\u00a0\u00bb][vc_column_text]Nous sommes une soci\u00e9t\u00e9 moderne et dynamique...\" \/>\n<meta property=\"og:url\" content=\"https:\/\/www.metalreti.com\/chi-siamo\/\" \/>\n<meta property=\"og:site_name\" content=\"METALRETI\" \/>\n<meta property=\"article:modified_time\" content=\"2019-10-26T18:59:46+00:00\" \/>\n<meta name=\"twitter:card\" content=\"summary_large_image\" \/>\n<meta name=\"twitter:label1\" content=\"Dur\u00e9e de lecture estim\u00e9e\" \/>\n\t<meta name=\"twitter:data1\" content=\"3 minutes\" \/>\n<script type=\"application\/ld+json\" class=\"yoast-schema-graph\">{\"@context\":\"https:\/\/schema.org\",\"@graph\":[{\"@type\":\"WebPage\",\"@id\":\"https:\/\/www.metalreti.com\/chi-siamo\/\",\"url\":\"https:\/\/www.metalreti.com\/chi-siamo\/\",\"name\":\"Pr\u00e9sentation | METALRETI\",\"isPartOf\":{\"@id\":\"https:\/\/www.metalreti.com\/#website\"},\"datePublished\":\"2017-11-01T14:51:23+00:00\",\"dateModified\":\"2019-10-26T18:59:46+00:00\",\"breadcrumb\":{\"@id\":\"https:\/\/www.metalreti.com\/chi-siamo\/#breadcrumb\"},\"inLanguage\":\"fr-FR\",\"potentialAction\":[{\"@type\":\"ReadAction\",\"target\":[\"https:\/\/www.metalreti.com\/chi-siamo\/\"]}]},{\"@type\":\"BreadcrumbList\",\"@id\":\"https:\/\/www.metalreti.com\/chi-siamo\/#breadcrumb\",\"itemListElement\":[{\"@type\":\"ListItem\",\"position\":1,\"name\":\"Home\",\"item\":\"https:\/\/www.metalreti.com\/fr\/\"},{\"@type\":\"ListItem\",\"position\":2,\"name\":\"Pr\u00e9sentation\"}]},{\"@type\":\"WebSite\",\"@id\":\"https:\/\/www.metalreti.com\/#website\",\"url\":\"https:\/\/www.metalreti.com\/\",\"name\":\"METALRETI\",\"description\":\"Reti elettrosaldate e ondulate\",\"publisher\":{\"@id\":\"https:\/\/www.metalreti.com\/#organization\"},\"potentialAction\":[{\"@type\":\"SearchAction\",\"target\":{\"@type\":\"EntryPoint\",\"urlTemplate\":\"https:\/\/www.metalreti.com\/?s={search_term_string}\"},\"query-input\":{\"@type\":\"PropertyValueSpecification\",\"valueRequired\":true,\"valueName\":\"search_term_string\"}}],\"inLanguage\":\"fr-FR\"},{\"@type\":\"Organization\",\"@id\":\"https:\/\/www.metalreti.com\/#organization\",\"name\":\"METALRETI\",\"url\":\"https:\/\/www.metalreti.com\/\",\"logo\":{\"@type\":\"ImageObject\",\"inLanguage\":\"fr-FR\",\"@id\":\"https:\/\/www.metalreti.com\/#\/schema\/logo\/image\/\",\"url\":\"https:\/\/www.metalreti.com\/wp-content\/uploads\/2019\/07\/logo-main2.png\",\"contentUrl\":\"https:\/\/www.metalreti.com\/wp-content\/uploads\/2019\/07\/logo-main2.png\",\"width\":327,\"height\":120,\"caption\":\"METALRETI\"},\"image\":{\"@id\":\"https:\/\/www.metalreti.com\/#\/schema\/logo\/image\/\"}}]}<\/script>\n<!-- \/ Yoast SEO plugin. -->","yoast_head_json":{"title":"Pr\u00e9sentation | METALRETI","robots":{"index":"index","follow":"follow","max-snippet":"max-snippet:-1","max-image-preview":"max-image-preview:large","max-video-preview":"max-video-preview:-1"},"canonical":"https:\/\/www.metalreti.com\/chi-siamo\/","og_locale":"fr_FR","og_type":"article","og_title":"Pr\u00e9sentation | METALRETI","og_description":"[vc_row css_animation=\u00a0\u00bb\u00a0\u00bb row_type=\u00a0\u00bbrow\u00a0\u00bb use_row_as_full_screen_section=\u00a0\u00bbno\u00a0\u00bb type=\u00a0\u00bbgrid\u00a0\u00bb angled_section=\u00a0\u00bbno\u00a0\u00bb text_align=\u00a0\u00bbleft\u00a0\u00bb background_image_as_pattern=\u00a0\u00bbwithout_pattern\u00a0\u00bb css=\u00a0\u00bb.vc_custom_1563455055006{padding-top: 70px !important;padding-bottom: 0px !important;background-color: #f0f0f0 !important;}\u00a0\u00bb z_index=\u00a0\u00bb\u00a0\u00bb][vc_column][qode_elements_holder number_of_columns=\u00a0\u00bbtwo_columns\u00a0\u00bb switch_to_one_column=\u00a0\u00bb1000&Prime;][qode_elements_holder_item advanced_animations=\u00a0\u00bbno\u00a0\u00bb item_padding=\u00a0\u00bb0 25px 50px 0px\u00a0\u00bb item_padding_1280_1440=\u00a0\u00bb0 25px 130px 0px\u00a0\u00bb item_padding_1024_1280=\u00a0\u00bb0 25px 50px 0px\u00a0\u00bb item_padding_600_768=\u00a0\u00bb20px 0px 0px 0px\u00a0\u00bb][vc_column_text] Metalreti s.r.l. [\/vc_column_text][vc_empty_space height=\u00a0\u00bb25px\u00a0\u00bb][vc_column_text]Nous sommes une soci\u00e9t\u00e9 moderne et dynamique...","og_url":"https:\/\/www.metalreti.com\/chi-siamo\/","og_site_name":"METALRETI","article_modified_time":"2019-10-26T18:59:46+00:00","twitter_card":"summary_large_image","twitter_misc":{"Dur\u00e9e de lecture estim\u00e9e":"3 minutes"},"schema":{"@context":"https:\/\/schema.org","@graph":[{"@type":"WebPage","@id":"https:\/\/www.metalreti.com\/chi-siamo\/","url":"https:\/\/www.metalreti.com\/chi-siamo\/","name":"Pr\u00e9sentation | METALRETI","isPartOf":{"@id":"https:\/\/www.metalreti.com\/#website"},"datePublished":"2017-11-01T14:51:23+00:00","dateModified":"2019-10-26T18:59:46+00:00","breadcrumb":{"@id":"https:\/\/www.metalreti.com\/chi-siamo\/#breadcrumb"},"inLanguage":"fr-FR","potentialAction":[{"@type":"ReadAction","target":["https:\/\/www.metalreti.com\/chi-siamo\/"]}]},{"@type":"BreadcrumbList","@id":"https:\/\/www.metalreti.com\/chi-siamo\/#breadcrumb","itemListElement":[{"@type":"ListItem","position":1,"name":"Home","item":"https:\/\/www.metalreti.com\/fr\/"},{"@type":"ListItem","position":2,"name":"Pr\u00e9sentation"}]},{"@type":"WebSite","@id":"https:\/\/www.metalreti.com\/#website","url":"https:\/\/www.metalreti.com\/","name":"METALRETI","description":"Reti elettrosaldate e ondulate","publisher":{"@id":"https:\/\/www.metalreti.com\/#organization"},"potentialAction":[{"@type":"SearchAction","target":{"@type":"EntryPoint","urlTemplate":"https:\/\/www.metalreti.com\/?s={search_term_string}"},"query-input":{"@type":"PropertyValueSpecification","valueRequired":true,"valueName":"search_term_string"}}],"inLanguage":"fr-FR"},{"@type":"Organization","@id":"https:\/\/www.metalreti.com\/#organization","name":"METALRETI","url":"https:\/\/www.metalreti.com\/","logo":{"@type":"ImageObject","inLanguage":"fr-FR","@id":"https:\/\/www.metalreti.com\/#\/schema\/logo\/image\/","url":"https:\/\/www.metalreti.com\/wp-content\/uploads\/2019\/07\/logo-main2.png","contentUrl":"https:\/\/www.metalreti.com\/wp-content\/uploads\/2019\/07\/logo-main2.png","width":327,"height":120,"caption":"METALRETI"},"image":{"@id":"https:\/\/www.metalreti.com\/#\/schema\/logo\/image\/"}}]}},"_links":{"self":[{"href":"https:\/\/www.metalreti.com\/fr\/wp-json\/wp\/v2\/pages\/741"}],"collection":[{"href":"https:\/\/www.metalreti.com\/fr\/wp-json\/wp\/v2\/pages"}],"about":[{"href":"https:\/\/www.metalreti.com\/fr\/wp-json\/wp\/v2\/types\/page"}],"author":[{"embeddable":true,"href":"https:\/\/www.metalreti.com\/fr\/wp-json\/wp\/v2\/users\/1"}],"replies":[{"embeddable":true,"href":"https:\/\/www.metalreti.com\/fr\/wp-json\/wp\/v2\/comments?post=741"}],"version-history":[{"count":4,"href":"https:\/\/www.metalreti.com\/fr\/wp-json\/wp\/v2\/pages\/741\/revisions"}],"predecessor-version":[{"id":908,"href":"https:\/\/www.metalreti.com\/fr\/wp-json\/wp\/v2\/pages\/741\/revisions\/908"}],"wp:attachment":[{"href":"https:\/\/www.metalreti.com\/fr\/wp-json\/wp\/v2\/media?parent=741"}],"curies":[{"name":"wp","href":"https:\/\/api.w.org\/{rel}","templated":true}]}}