{"id":768,"date":"2017-11-01T12:43:18","date_gmt":"2017-11-01T12:43:18","guid":{"rendered":"https:\/\/www.metalreti.com\/home\/"},"modified":"2019-12-17T15:51:55","modified_gmt":"2019-12-17T14:51:55","slug":"home","status":"publish","type":"page","link":"https:\/\/www.metalreti.com\/fr\/","title":{"rendered":"Home"},"content":{"rendered":"<div class=\"wpb-content-wrapper\"><p>[vc_row css_animation=\u00a0\u00bb\u00a0\u00bb row_type=\u00a0\u00bbrow\u00a0\u00bb use_row_as_full_screen_section=\u00a0\u00bbno\u00a0\u00bb type=\u00a0\u00bbfull_width\u00a0\u00bb angled_section=\u00a0\u00bbno\u00a0\u00bb text_align=\u00a0\u00bbleft\u00a0\u00bb background_image_as_pattern=\u00a0\u00bbwithout_pattern\u00a0\u00bb el_class=\u00a0\u00bbvideo-box-l\u00a0\u00bb][vc_column][qode_elements_holder number_of_columns=\u00a0\u00bbtwo_columns\u00a0\u00bb][qode_elements_holder_item cover=\u00a0\u00bbyes\u00a0\u00bb advanced_animations=\u00a0\u00bbno\u00a0\u00bb background_image=\u00a0\u00bb473&Prime; item_padding=\u00a0\u00bb145px 17% 14% 16%\u00a0\u00bb item_padding_480_600=\u00a0\u00bb0 0% 30px 8%\u00a0\u00bb item_padding_480=\u00a0\u00bb0 0% 30px 8%\u00a0\u00bb][vc_empty_space height=\u00a0\u00bb100px\u00a0\u00bb][vc_raw_html]JTNDcCUzRSUwQSUzQ2ElMjBocmVmJTNEJTIyJTJGZnIlMkZwcm9kb3R0aSUyRnJldGktZWxldHRyb3NhbGRhdGUlMkYlMjIlM0UlM0NoMiUzRSUzQ3NwYW4lMjBzdHlsZSUzRCUyMmNvbG9yJTNBJTIwJTIzZmZmZmZmJTNCJTIwZm9udC1zaXplJTNBJTIwNTBweCUzQiUyMiUzRUdyaWxsYWdlJTNDYnIlMjAlMkYlM0Vzb3VkJUMzJUE5JTNDJTJGc3BhbiUzRSUzQyUyRmgyJTNFJTNDJTJGYSUzRSUwQSUzQyUyRnAlM0U=[\/vc_raw_html][vc_empty_space height=\u00a0\u00bb20px\u00a0\u00bb]\n\n\t<a href=\"\/fr\/prodotti\/reti-elettrosaldate\/\" target=\"_self\" style=\"color: #ffffff;background-color: #c40d1e\" class=\"qode-btn qode-btn-medium qode-btn-solid qode-btn-custom-hover-bg qode-btn-custom-hover-color qode-btn-icon qodef-btn-icon-square qode-btn-icon-rotate\" data-hover-bg-color=\"#c40d1e\" data-hover-color=\"#ffffff\" >\n\t    <span class=\"qode-btn-text\">Plus d\u2019info<\/span><span class=\"qode-button-v2-icon-holder\" style=\"font-size: 20px;border-color: #e42d3e;background-color: #e42d3e\" data-hover-icon-border-color=\"#e42d3e\"><span aria-hidden=\"true\" class=\"qode_icon_font_elegant icon_plus qode-button-v2-icon-holder-inner\" ><\/span><\/span>\t<\/a>\n\n[vc_empty_space height=\u00a0\u00bb13px\u00a0\u00bb][\/qode_elements_holder_item][qode_elements_holder_item cover=\u00a0\u00bbyes\u00a0\u00bb advanced_animations=\u00a0\u00bbno\u00a0\u00bb background_image=\u00a0\u00bb472&Prime; item_padding=\u00a0\u00bb145px 17% 14% 16%\u00a0\u00bb item_padding_480_600=\u00a0\u00bb0 0% 30px 8%\u00a0\u00bb item_padding_480=\u00a0\u00bb0 0% 30px 8%\u00a0\u00bb][vc_empty_space height=\u00a0\u00bb100px\u00a0\u00bb][vc_raw_html]JTNDcCUzRSUwQSUzQ2ElMjBocmVmJTNEJTIyJTJGZnIlMkZwcm9kb3R0aSUyRnJldGktb25kdWxhdGUlMkYlMjIlM0UlM0NoMiUzRSUzQ3NwYW4lMjBzdHlsZSUzRCUyMmNvbG9yJTNBJTIwJTIzZmZmZmZmJTNCJTIwZm9udC1zaXplJTNBJTIwNTBweCUzQiUyMiUzRSUyMEdyaWxsYWdlJTNDYnIlMjAlMkYlM0VvbmR1bCVDMyVBOSUzQyUyRnNwYW4lM0UlM0MlMkZoMiUzRSUzQyUyRmElM0UlMEElM0MlMkZwJTNF[\/vc_raw_html][vc_empty_space height=\u00a0\u00bb20px\u00a0\u00bb]\n\n\t<a href=\"\/fr\/prodotti\/reti-ondulate\/\" target=\"_self\" style=\"color: #ffffff;background-color: #c40d1e\" class=\"qode-btn qode-btn-medium qode-btn-solid qode-btn-custom-hover-bg qode-btn-custom-hover-color qode-btn-icon qodef-btn-icon-square qode-btn-icon-rotate\" data-hover-bg-color=\"#c40d1e\" data-hover-color=\"#ffffff\" >\n\t    <span class=\"qode-btn-text\">Plus d\u2019info<\/span><span class=\"qode-button-v2-icon-holder\" style=\"font-size: 20px;border-color: #e42d3e;background-color: #e42d3e\" data-hover-icon-border-color=\"#e42d3e\"><span aria-hidden=\"true\" class=\"qode_icon_font_elegant icon_plus qode-button-v2-icon-holder-inner\" ><\/span><\/span>\t<\/a>\n\n[vc_empty_space height=\u00a0\u00bb13px\u00a0\u00bb][\/qode_elements_holder_item][\/qode_elements_holder][\/vc_column][\/vc_row][vc_row css_animation=\u00a0\u00bb\u00a0\u00bb row_type=\u00a0\u00bbrow\u00a0\u00bb use_row_as_full_screen_section=\u00a0\u00bbno\u00a0\u00bb type=\u00a0\u00bbfull_width\u00a0\u00bb angled_section=\u00a0\u00bbno\u00a0\u00bb text_align=\u00a0\u00bbleft\u00a0\u00bb background_image_as_pattern=\u00a0\u00bbwithout_pattern\u00a0\u00bb css=\u00a0\u00bb.vc_custom_1563397352536{background-color: #eeeeee !important;}\u00a0\u00bb z_index=\u00a0\u00bb\u00a0\u00bb][vc_column][qode_elements_holder background_color=\u00a0\u00bb#eeeeee\u00a0\u00bb number_of_columns=\u00a0\u00bbone_column\u00a0\u00bb switch_to_one_column=\u00a0\u00bb1000&Prime;][qode_elements_holder_item advanced_animations=\u00a0\u00bbno\u00a0\u00bb background_color=\u00a0\u00bb#eeeeee\u00a0\u00bb item_padding=\u00a0\u00bb0&Prime;]<div class=\"call_to_action normal\" style=\"\"><div class=\"container_inner\"><div class=\"two_columns_75_25 clearfix\"><div class=\"text_wrapper column1\"><div class=\"call_to_action_text \" style=\"\">Contactez-nous pour plus d\u2019info<\/div><\/div><div class=\"button_wrapper column2\"><a itemprop=\"url\" href=\"\/fr\/contatti\/\" class=\"qbutton white \" target=\"_self\" style=\"background-color: #467199;\"data-hover-background-color=#ffffff data-hover-color=#467199>Contact<\/a><\/div><\/div><\/div><\/div>[\/qode_elements_holder_item][\/qode_elements_holder][\/vc_column][\/vc_row][vc_row css_animation=\u00a0\u00bb\u00a0\u00bb row_type=\u00a0\u00bbrow\u00a0\u00bb use_row_as_full_screen_section=\u00a0\u00bbno\u00a0\u00bb type=\u00a0\u00bbfull_width\u00a0\u00bb angled_section=\u00a0\u00bbno\u00a0\u00bb text_align=\u00a0\u00bbleft\u00a0\u00bb background_image_as_pattern=\u00a0\u00bbwithout_pattern\u00a0\u00bb][vc_column][qode_elements_holder number_of_columns=\u00a0\u00bbtwo_columns\u00a0\u00bb switch_to_one_column=\u00a0\u00bb1000&Prime;][qode_elements_holder_item advanced_animations=\u00a0\u00bbno\u00a0\u00bb background_color=\u00a0\u00bb#ffffff\u00a0\u00bb item_padding=\u00a0\u00bb145px 17% 14% 16%\u00a0\u00bb item_padding_1024_1280=\u00a0\u00bb76px 11% 11% 11%\u00a0\u00bb item_padding_600_768=\u00a0\u00bb102px 9% 14% 8%\u00a0\u00bb item_padding_480_600=\u00a0\u00bb46px 8% 14% 8%\u00a0\u00bb item_padding_480=\u00a0\u00bb46px 8% 14% 8%\u00a0\u00bb][vc_column_text]<\/p>\n<h2>Pr\u00e9sentation<\/h2>\n<h1 style=\"font-size: 40px;\"><span style=\"color: #c40d1e; font-size: 40px;\">Metalreti s.r.l.<\/span><\/h1>\n<p>[\/vc_column_text][vc_empty_space height=\u00a0\u00bb26px\u00a0\u00bb][vc_column_text]Nous sommes une soci\u00e9t\u00e9 moderne et dynamique et nous pouvons r\u00e9pondre rapidement \u00e0 toutes vos demandes de prix concernant nos articles standard ou bien hors-standard, m\u00eame pour de petites quantit\u00e9s.<br \/>\nNous avons la possibilit\u00e9 de livrer rapidement en Italie du Nord avec nos camionnettes, ou bien avec des transporteurs dans le reste d\u2019Italie et \u00e0 l\u2019\u00e9tranger.<br \/>\nNotre activit\u00e9 principale est la production de grillage soud\u00e9 en acier inox, en acier doux, en fil galva, en panneaux ou en rouleaux.[\/vc_column_text][vc_empty_space height=\u00a0\u00bb33px\u00a0\u00bb]\n\n\t<a href=\"\/fr\/chi-siamo\/\" target=\"_self\" style=\"color: #ffffff;background-color: #c40d1e\" class=\"qode-btn qode-btn-medium qode-btn-solid qode-btn-custom-hover-bg qode-btn-custom-hover-color qode-btn-icon qodef-btn-icon-square qode-btn-icon-rotate\" data-hover-bg-color=\"#c40d1e\" data-hover-color=\"#ffffff\" >\n\t    <span class=\"qode-btn-text\">Plus d\u2019info<\/span><span class=\"qode-button-v2-icon-holder\" style=\"font-size: 20px;border-color: #e42d3e;background-color: #e42d3e\" data-hover-icon-border-color=\"#e42d3e\"><span aria-hidden=\"true\" class=\"qode_icon_font_elegant icon_plus qode-button-v2-icon-holder-inner\" ><\/span><\/span>\t<\/a>\n\n[\/qode_elements_holder_item][qode_elements_holder_item cover=\u00a0\u00bbyes\u00a0\u00bb advanced_animations=\u00a0\u00bbno\u00a0\u00bb background_image=\u00a0\u00bb610&Prime; item_padding=\u00a0\u00bb0 0 0 0&Prime; item_padding_600_768=\u00a0\u00bb32% 0 32% 0&Prime; item_padding_480_600=\u00a0\u00bb45% 0 45% 0&Prime; item_padding_480=\u00a0\u00bb45% 0 45% 0&Prime;][vc_empty_space][\/qode_elements_holder_item][\/qode_elements_holder][\/vc_column][\/vc_row][vc_row css_animation=\u00a0\u00bb\u00a0\u00bb row_type=\u00a0\u00bbrow\u00a0\u00bb use_row_as_full_screen_section=\u00a0\u00bbno\u00a0\u00bb type=\u00a0\u00bbgrid\u00a0\u00bb angled_section=\u00a0\u00bbno\u00a0\u00bb text_align=\u00a0\u00bbleft\u00a0\u00bb background_image_as_pattern=\u00a0\u00bbwithout_pattern\u00a0\u00bb z_index=\u00a0\u00bb\u00a0\u00bb][vc_column][vc_column_text css=\u00a0\u00bb.vc_custom_1570008827509{margin-top: 50px !important;margin-bottom: 30px !important;}\u00a0\u00bb]<\/p>\n<h2>News<\/h2>\n<p>[\/vc_column_text]<div class='q_masonry_blog'><div class=\"q_masonry_blog_grid_sizer\"><\/div><div class=\"q_masonry_blog_grid_gutter\"><\/div><article  class='post-897 post type-post status-publish format-standard has-post-thumbnail hentry category-news-fr '><div class=\"q_masonry_blog_post_image\"><a itemprop=\"url\" href=\"https:\/\/www.metalreti.com\/fr\/news-fr\/ampliata-gamma-di-rotoli-in-rete-elettrosaldata\/\" target=\"_self\"><img decoding=\"async\" itemprop=\"image\" src=\"https:\/\/www.metalreti.com\/wp-content\/uploads\/2019\/09\/IMG_20190604_154927.jpg\" \/><\/a><\/div><div class=\"q_masonry_blog_post_text\"><h4 itemprop=\"name\" class=\"q_masonry_blog_title entry_title\"><a itemprop=\"url\" href=\"https:\/\/www.metalreti.com\/fr\/news-fr\/ampliata-gamma-di-rotoli-in-rete-elettrosaldata\/\">Nouvelle gamme de treillis soud\u00e9 en rouleaux en AISI 304<\/a><\/h4><p itemprop=\"description\" class=\"q_masonry_blog_excerpt\">Nous avons \u00e9largi notre gamme de grillage soud\u00e9 en rouleaux en acier inox AISI 304. Nous avons en stock plusieurs mailles et diam\u00e8tres de fil. Visitez notre site \u00e0 la page Produits ou contactez-no...<\/p><div class=\"q_masonry_blog_post_info\"><span itemprop=\"dateCreated\" class=\"time entry_date updated\">23 septembre, 2019<meta itemprop=\"interactionCount\" content=\"UserComments: <?php echo get_comments_number(qode_get_page_id()); ?>\"\/><\/span><\/div><\/div><\/article><article  class='post-889 post type-post status-publish format-standard has-post-thumbnail hentry category-news-fr '><div class=\"q_masonry_blog_post_image\"><a itemprop=\"url\" href=\"https:\/\/www.metalreti.com\/fr\/news-fr\/parco-macchine\/\" target=\"_self\"><img decoding=\"async\" itemprop=\"image\" src=\"https:\/\/www.metalreti.com\/wp-content\/uploads\/2019\/10\/IMG_20191008_174032-1.jpg\" \/><\/a><\/div><div class=\"q_masonry_blog_post_text\"><h4 itemprop=\"name\" class=\"q_masonry_blog_title entry_title\"><a itemprop=\"url\" href=\"https:\/\/www.metalreti.com\/fr\/news-fr\/parco-macchine\/\">Metalreti \u00e9largit sa flotte pour assurer des livraisons rapides<\/a><\/h4><p itemprop=\"description\" class=\"q_masonry_blog_excerpt\">Metalreti sait que les livraisons rapides sont essentielles, c\u2019est pourquoi nous venons d\u2019\u00e9largir notre flotte avec une nouvelle camionnette pour des transports rapides en Italie du Nord. Contact...<\/p><div class=\"q_masonry_blog_post_info\"><span itemprop=\"dateCreated\" class=\"time entry_date updated\">04 octobre, 2019<meta itemprop=\"interactionCount\" content=\"UserComments: <?php echo get_comments_number(qode_get_page_id()); ?>\"\/><\/span><\/div><\/div><\/article><article  class='post-893 post type-post status-publish format-standard has-post-thumbnail hentry category-news-fr '><div class=\"q_masonry_blog_post_image\"><a itemprop=\"url\" href=\"https:\/\/www.metalreti.com\/fr\/news-fr\/online-sito-metalreti\/\" target=\"_self\"><img decoding=\"async\" itemprop=\"image\" src=\"https:\/\/www.metalreti.com\/wp-content\/uploads\/2019\/10\/sito.jpg\" \/><\/a><\/div><div class=\"q_masonry_blog_post_text\"><h4 itemprop=\"name\" class=\"q_masonry_blog_title entry_title\"><a itemprop=\"url\" href=\"https:\/\/www.metalreti.com\/fr\/news-fr\/online-sito-metalreti\/\">Le nouveau site web de Metalreti est en ligne!<\/a><\/h4><p itemprop=\"description\" class=\"q_masonry_blog_excerpt\">Metalreti vient de lancer son nouveau site web avec beaucoup de nouveaut\u00e9s. Nous voulons donner \u00e0 nos clients la possibilit\u00e9 de d\u00e9couvrir plus de d\u00e9tails de notre production standard et de nos no...<\/p><div class=\"q_masonry_blog_post_info\"><span itemprop=\"dateCreated\" class=\"time entry_date updated\">04 octobre, 2019<meta itemprop=\"interactionCount\" content=\"UserComments: <?php echo get_comments_number(qode_get_page_id()); ?>\"\/><\/span><\/div><\/div><\/article><\/div>[\/vc_column][\/vc_row]<\/p>\n<\/div>","protected":false},"excerpt":{"rendered":"<p>[vc_row css_animation=\u00a0\u00bb\u00a0\u00bb row_type=\u00a0\u00bbrow\u00a0\u00bb use_row_as_full_screen_section=\u00a0\u00bbno\u00a0\u00bb type=\u00a0\u00bbfull_width\u00a0\u00bb angled_section=\u00a0\u00bbno\u00a0\u00bb text_align=\u00a0\u00bbleft\u00a0\u00bb background_image_as_pattern=\u00a0\u00bbwithout_pattern\u00a0\u00bb el_class=\u00a0\u00bbvideo-box-l\u00a0\u00bb][vc_column][qode_elements_holder number_of_columns=\u00a0\u00bbtwo_columns\u00a0\u00bb][qode_elements_holder_item cover=\u00a0\u00bbyes\u00a0\u00bb advanced_animations=\u00a0\u00bbno\u00a0\u00bb background_image=\u00a0\u00bb473&Prime; item_padding=\u00a0\u00bb145px 17% 14% 16%\u00a0\u00bb item_padding_480_600=\u00a0\u00bb0 0% 30px 8%\u00a0\u00bb item_padding_480=\u00a0\u00bb0 0% 30px 8%\u00a0\u00bb][vc_empty_space height=\u00a0\u00bb100px\u00a0\u00bb][vc_raw_html]JTNDcCUzRSUwQSUzQ2ElMjBocmVmJTNEJTIyJTJGZnIlMkZwcm9kb3R0aSUyRnJldGktZWxldHRyb3NhbGRhdGUlMkYlMjIlM0UlM0NoMiUzRSUzQ3NwYW4lMjBzdHlsZSUzRCUyMmNvbG9yJTNBJTIwJTIzZmZmZmZmJTNCJTIwZm9udC1zaXplJTNBJTIwNTBweCUzQiUyMiUzRUdyaWxsYWdlJTNDYnIlMjAlMkYlM0Vzb3VkJUMzJUE5JTNDJTJGc3BhbiUzRSUzQyUyRmgyJTNFJTNDJTJGYSUzRSUwQSUzQyUyRnAlM0U=[\/vc_raw_html][vc_empty_space height=\u00a0\u00bb20px\u00a0\u00bb][vc_empty_space height=\u00a0\u00bb13px\u00a0\u00bb][\/qode_elements_holder_item][qode_elements_holder_item cover=\u00a0\u00bbyes\u00a0\u00bb advanced_animations=\u00a0\u00bbno\u00a0\u00bb background_image=\u00a0\u00bb472&Prime; item_padding=\u00a0\u00bb145px 17% 14% 16%\u00a0\u00bb item_padding_480_600=\u00a0\u00bb0 0% 30px 8%\u00a0\u00bb item_padding_480=\u00a0\u00bb0 0% 30px 8%\u00a0\u00bb][vc_empty_space height=\u00a0\u00bb100px\u00a0\u00bb][vc_raw_html]JTNDcCUzRSUwQSUzQ2ElMjBocmVmJTNEJTIyJTJGZnIlMkZwcm9kb3R0aSUyRnJldGktb25kdWxhdGUlMkYlMjIlM0UlM0NoMiUzRSUzQ3NwYW4lMjBzdHlsZSUzRCUyMmNvbG9yJTNBJTIwJTIzZmZmZmZmJTNCJTIwZm9udC1zaXplJTNBJTIwNTBweCUzQiUyMiUzRSUyMEdyaWxsYWdlJTNDYnIlMjAlMkYlM0VvbmR1bCVDMyVBOSUzQyUyRnNwYW4lM0UlM0MlMkZoMiUzRSUzQyUyRmElM0UlMEElM0MlMkZwJTNF[\/vc_raw_html][vc_empty_space height=\u00a0\u00bb20px\u00a0\u00bb][vc_empty_space&#8230;<\/p>\n","protected":false},"author":1,"featured_media":0,"parent":0,"menu_order":0,"comment_status":"closed","ping_status":"closed","template":"full_width.php","meta":{"footnotes":""},"class_list":["post-768","page","type-page","status-publish","hentry"],"yoast_head":"<!-- This site is optimized with the Yoast SEO plugin v23.8 - https:\/\/yoast.com\/wordpress\/plugins\/seo\/ -->\n<title>METALRETI | Reti elettrosaldate e ondulate<\/title>\n<meta name=\"robots\" content=\"index, follow, max-snippet:-1, max-image-preview:large, max-video-preview:-1\" \/>\n<link rel=\"canonical\" href=\"https:\/\/www.metalreti.com\/fr\/\" \/>\n<meta property=\"og:locale\" content=\"fr_FR\" \/>\n<meta property=\"og:type\" content=\"article\" \/>\n<meta property=\"og:title\" content=\"METALRETI | Reti elettrosaldate e ondulate\" \/>\n<meta property=\"og:description\" content=\"[vc_row css_animation=\u00a0\u00bb\u00a0\u00bb row_type=\u00a0\u00bbrow\u00a0\u00bb use_row_as_full_screen_section=\u00a0\u00bbno\u00a0\u00bb type=\u00a0\u00bbfull_width\u00a0\u00bb angled_section=\u00a0\u00bbno\u00a0\u00bb text_align=\u00a0\u00bbleft\u00a0\u00bb background_image_as_pattern=\u00a0\u00bbwithout_pattern\u00a0\u00bb el_class=\u00a0\u00bbvideo-box-l\u00a0\u00bb][vc_column][qode_elements_holder number_of_columns=\u00a0\u00bbtwo_columns\u00a0\u00bb][qode_elements_holder_item cover=\u00a0\u00bbyes\u00a0\u00bb advanced_animations=\u00a0\u00bbno\u00a0\u00bb background_image=\u00a0\u00bb473&Prime; item_padding=\u00a0\u00bb145px 17% 14% 16%\u00a0\u00bb item_padding_480_600=\u00a0\u00bb0 0% 30px 8%\u00a0\u00bb item_padding_480=\u00a0\u00bb0 0% 30px 8%\u00a0\u00bb][vc_empty_space height=\u00a0\u00bb100px\u00a0\u00bb][vc_raw_html]JTNDcCUzRSUwQSUzQ2ElMjBocmVmJTNEJTIyJTJGZnIlMkZwcm9kb3R0aSUyRnJldGktZWxldHRyb3NhbGRhdGUlMkYlMjIlM0UlM0NoMiUzRSUzQ3NwYW4lMjBzdHlsZSUzRCUyMmNvbG9yJTNBJTIwJTIzZmZmZmZmJTNCJTIwZm9udC1zaXplJTNBJTIwNTBweCUzQiUyMiUzRUdyaWxsYWdlJTNDYnIlMjAlMkYlM0Vzb3VkJUMzJUE5JTNDJTJGc3BhbiUzRSUzQyUyRmgyJTNFJTNDJTJGYSUzRSUwQSUzQyUyRnAlM0U=[\/vc_raw_html][vc_empty_space height=\u00a0\u00bb20px\u00a0\u00bb][vc_empty_space height=\u00a0\u00bb13px\u00a0\u00bb][\/qode_elements_holder_item][qode_elements_holder_item cover=\u00a0\u00bbyes\u00a0\u00bb advanced_animations=\u00a0\u00bbno\u00a0\u00bb background_image=\u00a0\u00bb472&Prime; item_padding=\u00a0\u00bb145px 17% 14% 16%\u00a0\u00bb item_padding_480_600=\u00a0\u00bb0 0% 30px 8%\u00a0\u00bb item_padding_480=\u00a0\u00bb0 0% 30px 8%\u00a0\u00bb][vc_empty_space height=\u00a0\u00bb100px\u00a0\u00bb][vc_raw_html]JTNDcCUzRSUwQSUzQ2ElMjBocmVmJTNEJTIyJTJGZnIlMkZwcm9kb3R0aSUyRnJldGktb25kdWxhdGUlMkYlMjIlM0UlM0NoMiUzRSUzQ3NwYW4lMjBzdHlsZSUzRCUyMmNvbG9yJTNBJTIwJTIzZmZmZmZmJTNCJTIwZm9udC1zaXplJTNBJTIwNTBweCUzQiUyMiUzRSUyMEdyaWxsYWdlJTNDYnIlMjAlMkYlM0VvbmR1bCVDMyVBOSUzQyUyRnNwYW4lM0UlM0MlMkZoMiUzRSUzQyUyRmElM0UlMEElM0MlMkZwJTNF[\/vc_raw_html][vc_empty_space height=\u00a0\u00bb20px\u00a0\u00bb][vc_empty_space...\" \/>\n<meta property=\"og:url\" content=\"https:\/\/www.metalreti.com\/fr\/\" \/>\n<meta property=\"og:site_name\" content=\"METALRETI\" \/>\n<meta property=\"article:modified_time\" content=\"2019-12-17T14:51:55+00:00\" \/>\n<meta name=\"twitter:card\" content=\"summary_large_image\" \/>\n<meta name=\"twitter:label1\" content=\"Dur\u00e9e de lecture estim\u00e9e\" \/>\n\t<meta name=\"twitter:data1\" content=\"4 minutes\" \/>\n<script type=\"application\/ld+json\" class=\"yoast-schema-graph\">{\"@context\":\"https:\/\/schema.org\",\"@graph\":[{\"@type\":\"WebPage\",\"@id\":\"https:\/\/www.metalreti.com\/fr\/\",\"url\":\"https:\/\/www.metalreti.com\/fr\/\",\"name\":\"METALRETI | Reti elettrosaldate e ondulate\",\"isPartOf\":{\"@id\":\"https:\/\/www.metalreti.com\/#website\"},\"datePublished\":\"2017-11-01T12:43:18+00:00\",\"dateModified\":\"2019-12-17T14:51:55+00:00\",\"breadcrumb\":{\"@id\":\"https:\/\/www.metalreti.com\/fr\/#breadcrumb\"},\"inLanguage\":\"fr-FR\",\"potentialAction\":[{\"@type\":\"ReadAction\",\"target\":[\"https:\/\/www.metalreti.com\/fr\/\"]}]},{\"@type\":\"BreadcrumbList\",\"@id\":\"https:\/\/www.metalreti.com\/fr\/#breadcrumb\",\"itemListElement\":[{\"@type\":\"ListItem\",\"position\":1,\"name\":\"Home\",\"item\":\"https:\/\/www.metalreti.com\/fr\/\"},{\"@type\":\"ListItem\",\"position\":2,\"name\":\"Home\"}]},{\"@type\":\"WebSite\",\"@id\":\"https:\/\/www.metalreti.com\/#website\",\"url\":\"https:\/\/www.metalreti.com\/\",\"name\":\"METALRETI\",\"description\":\"Reti elettrosaldate e ondulate\",\"publisher\":{\"@id\":\"https:\/\/www.metalreti.com\/#organization\"},\"potentialAction\":[{\"@type\":\"SearchAction\",\"target\":{\"@type\":\"EntryPoint\",\"urlTemplate\":\"https:\/\/www.metalreti.com\/?s={search_term_string}\"},\"query-input\":{\"@type\":\"PropertyValueSpecification\",\"valueRequired\":true,\"valueName\":\"search_term_string\"}}],\"inLanguage\":\"fr-FR\"},{\"@type\":\"Organization\",\"@id\":\"https:\/\/www.metalreti.com\/#organization\",\"name\":\"METALRETI\",\"url\":\"https:\/\/www.metalreti.com\/\",\"logo\":{\"@type\":\"ImageObject\",\"inLanguage\":\"fr-FR\",\"@id\":\"https:\/\/www.metalreti.com\/#\/schema\/logo\/image\/\",\"url\":\"https:\/\/www.metalreti.com\/wp-content\/uploads\/2019\/07\/logo-main2.png\",\"contentUrl\":\"https:\/\/www.metalreti.com\/wp-content\/uploads\/2019\/07\/logo-main2.png\",\"width\":327,\"height\":120,\"caption\":\"METALRETI\"},\"image\":{\"@id\":\"https:\/\/www.metalreti.com\/#\/schema\/logo\/image\/\"}}]}<\/script>\n<!-- \/ Yoast SEO plugin. -->","yoast_head_json":{"title":"METALRETI | Reti elettrosaldate e ondulate","robots":{"index":"index","follow":"follow","max-snippet":"max-snippet:-1","max-image-preview":"max-image-preview:large","max-video-preview":"max-video-preview:-1"},"canonical":"https:\/\/www.metalreti.com\/fr\/","og_locale":"fr_FR","og_type":"article","og_title":"METALRETI | Reti elettrosaldate e ondulate","og_description":"[vc_row css_animation=\u00a0\u00bb\u00a0\u00bb row_type=\u00a0\u00bbrow\u00a0\u00bb use_row_as_full_screen_section=\u00a0\u00bbno\u00a0\u00bb type=\u00a0\u00bbfull_width\u00a0\u00bb angled_section=\u00a0\u00bbno\u00a0\u00bb text_align=\u00a0\u00bbleft\u00a0\u00bb background_image_as_pattern=\u00a0\u00bbwithout_pattern\u00a0\u00bb el_class=\u00a0\u00bbvideo-box-l\u00a0\u00bb][vc_column][qode_elements_holder number_of_columns=\u00a0\u00bbtwo_columns\u00a0\u00bb][qode_elements_holder_item cover=\u00a0\u00bbyes\u00a0\u00bb advanced_animations=\u00a0\u00bbno\u00a0\u00bb background_image=\u00a0\u00bb473&Prime; item_padding=\u00a0\u00bb145px 17% 14% 16%\u00a0\u00bb item_padding_480_600=\u00a0\u00bb0 0% 30px 8%\u00a0\u00bb item_padding_480=\u00a0\u00bb0 0% 30px 8%\u00a0\u00bb][vc_empty_space height=\u00a0\u00bb100px\u00a0\u00bb][vc_raw_html]JTNDcCUzRSUwQSUzQ2ElMjBocmVmJTNEJTIyJTJGZnIlMkZwcm9kb3R0aSUyRnJldGktZWxldHRyb3NhbGRhdGUlMkYlMjIlM0UlM0NoMiUzRSUzQ3NwYW4lMjBzdHlsZSUzRCUyMmNvbG9yJTNBJTIwJTIzZmZmZmZmJTNCJTIwZm9udC1zaXplJTNBJTIwNTBweCUzQiUyMiUzRUdyaWxsYWdlJTNDYnIlMjAlMkYlM0Vzb3VkJUMzJUE5JTNDJTJGc3BhbiUzRSUzQyUyRmgyJTNFJTNDJTJGYSUzRSUwQSUzQyUyRnAlM0U=[\/vc_raw_html][vc_empty_space height=\u00a0\u00bb20px\u00a0\u00bb][vc_empty_space height=\u00a0\u00bb13px\u00a0\u00bb][\/qode_elements_holder_item][qode_elements_holder_item cover=\u00a0\u00bbyes\u00a0\u00bb advanced_animations=\u00a0\u00bbno\u00a0\u00bb background_image=\u00a0\u00bb472&Prime; item_padding=\u00a0\u00bb145px 17% 14% 16%\u00a0\u00bb item_padding_480_600=\u00a0\u00bb0 0% 30px 8%\u00a0\u00bb item_padding_480=\u00a0\u00bb0 0% 30px 8%\u00a0\u00bb][vc_empty_space height=\u00a0\u00bb100px\u00a0\u00bb][vc_raw_html]JTNDcCUzRSUwQSUzQ2ElMjBocmVmJTNEJTIyJTJGZnIlMkZwcm9kb3R0aSUyRnJldGktb25kdWxhdGUlMkYlMjIlM0UlM0NoMiUzRSUzQ3NwYW4lMjBzdHlsZSUzRCUyMmNvbG9yJTNBJTIwJTIzZmZmZmZmJTNCJTIwZm9udC1zaXplJTNBJTIwNTBweCUzQiUyMiUzRSUyMEdyaWxsYWdlJTNDYnIlMjAlMkYlM0VvbmR1bCVDMyVBOSUzQyUyRnNwYW4lM0UlM0MlMkZoMiUzRSUzQyUyRmElM0UlMEElM0MlMkZwJTNF[\/vc_raw_html][vc_empty_space height=\u00a0\u00bb20px\u00a0\u00bb][vc_empty_space...","og_url":"https:\/\/www.metalreti.com\/fr\/","og_site_name":"METALRETI","article_modified_time":"2019-12-17T14:51:55+00:00","twitter_card":"summary_large_image","twitter_misc":{"Dur\u00e9e de lecture estim\u00e9e":"4 minutes"},"schema":{"@context":"https:\/\/schema.org","@graph":[{"@type":"WebPage","@id":"https:\/\/www.metalreti.com\/fr\/","url":"https:\/\/www.metalreti.com\/fr\/","name":"METALRETI | Reti elettrosaldate e ondulate","isPartOf":{"@id":"https:\/\/www.metalreti.com\/#website"},"datePublished":"2017-11-01T12:43:18+00:00","dateModified":"2019-12-17T14:51:55+00:00","breadcrumb":{"@id":"https:\/\/www.metalreti.com\/fr\/#breadcrumb"},"inLanguage":"fr-FR","potentialAction":[{"@type":"ReadAction","target":["https:\/\/www.metalreti.com\/fr\/"]}]},{"@type":"BreadcrumbList","@id":"https:\/\/www.metalreti.com\/fr\/#breadcrumb","itemListElement":[{"@type":"ListItem","position":1,"name":"Home","item":"https:\/\/www.metalreti.com\/fr\/"},{"@type":"ListItem","position":2,"name":"Home"}]},{"@type":"WebSite","@id":"https:\/\/www.metalreti.com\/#website","url":"https:\/\/www.metalreti.com\/","name":"METALRETI","description":"Reti elettrosaldate e ondulate","publisher":{"@id":"https:\/\/www.metalreti.com\/#organization"},"potentialAction":[{"@type":"SearchAction","target":{"@type":"EntryPoint","urlTemplate":"https:\/\/www.metalreti.com\/?s={search_term_string}"},"query-input":{"@type":"PropertyValueSpecification","valueRequired":true,"valueName":"search_term_string"}}],"inLanguage":"fr-FR"},{"@type":"Organization","@id":"https:\/\/www.metalreti.com\/#organization","name":"METALRETI","url":"https:\/\/www.metalreti.com\/","logo":{"@type":"ImageObject","inLanguage":"fr-FR","@id":"https:\/\/www.metalreti.com\/#\/schema\/logo\/image\/","url":"https:\/\/www.metalreti.com\/wp-content\/uploads\/2019\/07\/logo-main2.png","contentUrl":"https:\/\/www.metalreti.com\/wp-content\/uploads\/2019\/07\/logo-main2.png","width":327,"height":120,"caption":"METALRETI"},"image":{"@id":"https:\/\/www.metalreti.com\/#\/schema\/logo\/image\/"}}]}},"_links":{"self":[{"href":"https:\/\/www.metalreti.com\/fr\/wp-json\/wp\/v2\/pages\/768"}],"collection":[{"href":"https:\/\/www.metalreti.com\/fr\/wp-json\/wp\/v2\/pages"}],"about":[{"href":"https:\/\/www.metalreti.com\/fr\/wp-json\/wp\/v2\/types\/page"}],"author":[{"embeddable":true,"href":"https:\/\/www.metalreti.com\/fr\/wp-json\/wp\/v2\/users\/1"}],"replies":[{"embeddable":true,"href":"https:\/\/www.metalreti.com\/fr\/wp-json\/wp\/v2\/comments?post=768"}],"version-history":[{"count":3,"href":"https:\/\/www.metalreti.com\/fr\/wp-json\/wp\/v2\/pages\/768\/revisions"}],"predecessor-version":[{"id":912,"href":"https:\/\/www.metalreti.com\/fr\/wp-json\/wp\/v2\/pages\/768\/revisions\/912"}],"wp:attachment":[{"href":"https:\/\/www.metalreti.com\/fr\/wp-json\/wp\/v2\/media?parent=768"}],"curies":[{"name":"wp","href":"https:\/\/api.w.org\/{rel}","templated":true}]}}