{"id":814,"date":"2019-07-30T19:21:26","date_gmt":"2019-07-30T17:21:26","guid":{"rendered":"https:\/\/www.metalreti.com\/prodotti\/reti-elettrosaldate\/rotoli\/"},"modified":"2019-11-04T17:40:53","modified_gmt":"2019-11-04T16:40:53","slug":"rotoli","status":"publish","type":"page","link":"https:\/\/www.metalreti.com\/fr\/prodotti\/reti-elettrosaldate\/rotoli\/","title":{"rendered":"Rouleaux"},"content":{"rendered":"<div class=\"wpb-content-wrapper\"><p>[vc_row css_animation=\u00a0\u00bb\u00a0\u00bb row_type=\u00a0\u00bbrow\u00a0\u00bb use_row_as_full_screen_section=\u00a0\u00bbno\u00a0\u00bb type=\u00a0\u00bbgrid\u00a0\u00bb angled_section=\u00a0\u00bbno\u00a0\u00bb text_align=\u00a0\u00bbleft\u00a0\u00bb background_image_as_pattern=\u00a0\u00bbwithout_pattern\u00a0\u00bb z_index=\u00a0\u00bb\u00a0\u00bb css=\u00a0\u00bb.vc_custom_1564506649577{margin-top: 50px !important;margin-bottom: 20px !important;}\u00a0\u00bb][vc_column width=\u00a0\u00bb2\/3&Prime;][vc_column_text]<\/p>\n<h2 style=\"font-size: 24px;\">Grillage soud\u00e9 en AISI 304 en rouleaux<\/h2>\n<p>[\/vc_column_text][vc_empty_space height=\u00a0\u00bb20px\u00a0\u00bb][vc_column_text]<span lang=\"fr-FR\">Les grillages soud\u00e9s sont produits en soudant deux fils au point d\u2019intersection.<\/span><\/p>\n<p><span lang=\"fr-FR\">Les grillages soud\u00e9s avec des mailles petites et des fils de diam\u00e8tres fins peuvent \u00eatre fournis en rouleaux h 100 cm x 25 m\u00e8tres de longueur.<\/span><\/p>\n<p><span lang=\"fr-FR\">Disponibles seulement en AISI 304.<\/span>[\/vc_column_text][vc_empty_space height=\u00a0\u00bb20px\u00a0\u00bb][vc_column_text]<\/p>\n<table class=\"metalreti-table\" border=\"1\" width=\"815\" cellspacing=\"0\" cellpadding=\"9\">\n<colgroup>\n<col width=\"388\" \/>\n<col width=\"388\" \/> <\/colgroup>\n<tbody>\n<tr valign=\"TOP\">\n<td class=\"metalreti-table-header\" width=\"388\">\n<p class=\"metalreti-table-header\" align=\"CENTER\"><b>Diam\u00e8tre du fil (mm)<\/b><\/p>\n<\/td>\n<td class=\"metalreti-table-header\" width=\"388\">\n<p class=\"metalreti-table-header\" align=\"CENTER\"><b>Entraxe des mailles (mm)<\/b><\/p>\n<\/td>\n<\/tr>\n<tr valign=\"TOP\">\n<td width=\"388\">\n<p align=\"CENTER\">0,63<\/p>\n<\/td>\n<td width=\"388\">\n<p align=\"CENTER\">6,35 x 6,35<\/p>\n<\/td>\n<\/tr>\n<tr valign=\"TOP\">\n<td width=\"388\">\n<p align=\"CENTER\">0,71<\/p>\n<\/td>\n<td width=\"388\">\n<p align=\"CENTER\">12,7 x 12,7<\/p>\n<\/td>\n<\/tr>\n<tr valign=\"TOP\">\n<td width=\"388\">\n<p align=\"CENTER\">0,80<\/p>\n<\/td>\n<td width=\"388\">\n<p align=\"CENTER\">6,35 x 6,35 \u2013 12,5 x 12,5 (rotolo da 50 mtl)<\/p>\n<\/td>\n<\/tr>\n<tr valign=\"TOP\">\n<td width=\"388\">\n<p align=\"CENTER\">1<\/p>\n<\/td>\n<td width=\"388\">\n<p align=\"CENTER\">8,46 x 8,46 &#8211; 11 x 11 \u2013 16 x 16 \u2013 20 x 20<\/p>\n<\/td>\n<\/tr>\n<tr valign=\"TOP\">\n<td width=\"388\">\n<p align=\"CENTER\">1,24<\/p>\n<\/td>\n<td width=\"388\">\n<p align=\"CENTER\">12,7 x 12,7<\/p>\n<\/td>\n<\/tr>\n<tr valign=\"TOP\">\n<td width=\"388\">\n<p align=\"CENTER\">1,47<\/p>\n<\/td>\n<td width=\"388\">\n<p align=\"CENTER\">25,4 x 25,4<\/p>\n<\/td>\n<\/tr>\n<tr valign=\"TOP\">\n<td width=\"388\">\n<p align=\"CENTER\">1,60<\/p>\n<\/td>\n<td width=\"388\">\n<p align=\"CENTER\">12,7 x 12,7<\/p>\n<\/td>\n<\/tr>\n<tr valign=\"TOP\">\n<td width=\"388\">\n<p align=\"CENTER\">2<\/p>\n<\/td>\n<td width=\"388\">\n<p align=\"CENTER\">25,4 x 25,4 \u2013 50 x 50<\/p>\n<\/td>\n<\/tr>\n<\/tbody>\n<\/table>\n<p>[\/vc_column_text][\/vc_column][vc_column width=\u00a0\u00bb1\/3&Prime;][vc_single_image image=\u00a0\u00bb845&Prime; img_size=\u00a0\u00bbfull\u00a0\u00bb qode_css_animation=\u00a0\u00bb\u00a0\u00bb][\/vc_column][\/vc_row][vc_row css_animation=\u00a0\u00bb\u00a0\u00bb row_type=\u00a0\u00bbrow\u00a0\u00bb use_row_as_full_screen_section=\u00a0\u00bbno\u00a0\u00bb type=\u00a0\u00bbgrid\u00a0\u00bb angled_section=\u00a0\u00bbno\u00a0\u00bb text_align=\u00a0\u00bbleft\u00a0\u00bb background_image_as_pattern=\u00a0\u00bbwithout_pattern\u00a0\u00bb z_index=\u00a0\u00bb\u00a0\u00bb css=\u00a0\u00bb.vc_custom_1564507606513{margin-top: 50px !important;margin-bottom: 60px !important;}\u00a0\u00bb][vc_column width=\u00a0\u00bb2\/3&Prime;][vc_column_text]<\/p>\n<h2 style=\"font-size: 24px;\">Grillage soud\u00e9 en acier doux en rouleaux<\/h2>\n<p>[\/vc_column_text][vc_empty_space height=\u00a0\u00bb20px\u00a0\u00bb][vc_column_text]<span lang=\"fr-FR\">Les grillages soud\u00e9s sont produits en soudant deux fils au point d\u2019intersection.<\/span><\/p>\n<p><span lang=\"fr-FR\">En acier doux, nous avons en stock seulement des rouleaux avec des mailles de 105+15&#215;15 mm. <\/span><\/p>\n<p><span lang=\"fr-FR\">Disponibles h 100 cm ou 124 cm x 50 m\u00e8tres de longueur.<\/span><\/p>\n<p><span lang=\"fr-FR\">Sur demande, nous pouvons aussi produire les autres mailles en rouleaux.<\/span>[\/vc_column_text][vc_empty_space height=\u00a0\u00bb50px\u00a0\u00bb][vc_column_text]<\/p>\n<h2 style=\"font-size: 24px;\">Grillage soud\u00e9 en fil pr\u00e9galva en rouleaux<\/h2>\n<p>[\/vc_column_text][vc_empty_space height=\u00a0\u00bb20px\u00a0\u00bb][vc_column_text]<span lang=\"fr-FR\">Nous pouvons fournir des rouleaux de grillage soud\u00e9 galva de hauteur comprise entre 50 cm et 200 cm, toujours pour 25 m\u00e8tres de longueur, aussi bien en fil pr\u00e9galva que galvanis\u00e9s apr\u00e8s soudure.<\/span><\/p>\n<p><span lang=\"fr-FR\">Le diam\u00e8tre du fil peut varier entre 0.65 mm et 2 mm, et la maille sera comprise entre 6.3 x 6.3 mm et 76.2 x 50.8 mm.<\/span><\/p>\n<p><span lang=\"fr-FR\">Contactez \u2013 nous pour plus de d\u00e9tails!<\/span>[\/vc_column_text][\/vc_column][vc_column width=\u00a0\u00bb1\/3&Prime;][vc_single_image image=\u00a0\u00bb818&Prime; img_size=\u00a0\u00bbfull\u00a0\u00bb qode_css_animation=\u00a0\u00bb\u00a0\u00bb][\/vc_column][\/vc_row][vc_row css_animation=\u00a0\u00bb\u00a0\u00bb row_type=\u00a0\u00bbrow\u00a0\u00bb use_row_as_full_screen_section=\u00a0\u00bbno\u00a0\u00bb type=\u00a0\u00bbfull_width\u00a0\u00bb angled_section=\u00a0\u00bbno\u00a0\u00bb text_align=\u00a0\u00bbleft\u00a0\u00bb background_image_as_pattern=\u00a0\u00bbwithout_pattern\u00a0\u00bb css=\u00a0\u00bb.vc_custom_1563397352536{background-color: #eeeeee !important;}\u00a0\u00bb z_index=\u00a0\u00bb\u00a0\u00bb][vc_column][qode_elements_holder background_color=\u00a0\u00bb#eeeeee\u00a0\u00bb number_of_columns=\u00a0\u00bbone_column\u00a0\u00bb switch_to_one_column=\u00a0\u00bb1000&Prime;][qode_elements_holder_item advanced_animations=\u00a0\u00bbno\u00a0\u00bb background_color=\u00a0\u00bb#eeeeee\u00a0\u00bb item_padding=\u00a0\u00bb0&Prime;]<div class=\"call_to_action normal\" style=\"\"><div class=\"container_inner\"><div class=\"two_columns_75_25 clearfix\"><div class=\"text_wrapper column1\"><div class=\"call_to_action_text \" style=\"\">Contactez-nous pour plus d\u2019info<\/div><\/div><div class=\"button_wrapper column2\"><a itemprop=\"url\" href=\"\/fr\/contatti\/\" class=\"qbutton white \" target=\"_self\" style=\"background-color: #467199;\"data-hover-background-color=#ffffff data-hover-color=#467199>Contact<\/a><\/div><\/div><\/div><\/div>[\/qode_elements_holder_item][\/qode_elements_holder][\/vc_column][\/vc_row]<\/p>\n<\/div>","protected":false},"excerpt":{"rendered":"<p>[vc_row css_animation=\u00a0\u00bb\u00a0\u00bb row_type=\u00a0\u00bbrow\u00a0\u00bb use_row_as_full_screen_section=\u00a0\u00bbno\u00a0\u00bb type=\u00a0\u00bbgrid\u00a0\u00bb angled_section=\u00a0\u00bbno\u00a0\u00bb text_align=\u00a0\u00bbleft\u00a0\u00bb background_image_as_pattern=\u00a0\u00bbwithout_pattern\u00a0\u00bb z_index=\u00a0\u00bb\u00a0\u00bb css=\u00a0\u00bb.vc_custom_1564506649577{margin-top: 50px !important;margin-bottom: 20px !important;}\u00a0\u00bb][vc_column width=\u00a0\u00bb2\/3&Prime;][vc_column_text] Grillage soud\u00e9 en AISI 304 en rouleaux [\/vc_column_text][vc_empty_space height=\u00a0\u00bb20px\u00a0\u00bb][vc_column_text]Les grillages soud\u00e9s sont produits en soudant deux fils au point d\u2019intersection. Les grillages soud\u00e9s avec des mailles petites et des fils&#8230;<\/p>\n","protected":false},"author":1,"featured_media":0,"parent":793,"menu_order":0,"comment_status":"closed","ping_status":"closed","template":"full_width.php","meta":{"footnotes":""},"class_list":["post-814","page","type-page","status-publish","hentry"],"yoast_head":"<!-- This site is optimized with the Yoast SEO plugin v23.8 - https:\/\/yoast.com\/wordpress\/plugins\/seo\/ -->\n<title>Rouleaux | METALRETI<\/title>\n<meta name=\"robots\" content=\"index, follow, max-snippet:-1, max-image-preview:large, max-video-preview:-1\" \/>\n<link rel=\"canonical\" href=\"https:\/\/www.metalreti.com\/prodotti\/reti-elettrosaldate\/rotoli\/\" \/>\n<meta property=\"og:locale\" content=\"fr_FR\" \/>\n<meta property=\"og:type\" content=\"article\" \/>\n<meta property=\"og:title\" content=\"Rouleaux | METALRETI\" \/>\n<meta property=\"og:description\" content=\"[vc_row css_animation=\u00a0\u00bb\u00a0\u00bb row_type=\u00a0\u00bbrow\u00a0\u00bb use_row_as_full_screen_section=\u00a0\u00bbno\u00a0\u00bb type=\u00a0\u00bbgrid\u00a0\u00bb angled_section=\u00a0\u00bbno\u00a0\u00bb text_align=\u00a0\u00bbleft\u00a0\u00bb background_image_as_pattern=\u00a0\u00bbwithout_pattern\u00a0\u00bb z_index=\u00a0\u00bb\u00a0\u00bb css=\u00a0\u00bb.vc_custom_1564506649577{margin-top: 50px !important;margin-bottom: 20px !important;}\u00a0\u00bb][vc_column width=\u00a0\u00bb2\/3&Prime;][vc_column_text] Grillage soud\u00e9 en AISI 304 en rouleaux [\/vc_column_text][vc_empty_space height=\u00a0\u00bb20px\u00a0\u00bb][vc_column_text]Les grillages soud\u00e9s sont produits en soudant deux fils au point d\u2019intersection. Les grillages soud\u00e9s avec des mailles petites et des fils...\" \/>\n<meta property=\"og:url\" content=\"https:\/\/www.metalreti.com\/prodotti\/reti-elettrosaldate\/rotoli\/\" \/>\n<meta property=\"og:site_name\" content=\"METALRETI\" \/>\n<meta property=\"article:modified_time\" content=\"2019-11-04T16:40:53+00:00\" \/>\n<meta name=\"twitter:card\" content=\"summary_large_image\" \/>\n<meta name=\"twitter:label1\" content=\"Dur\u00e9e de lecture estim\u00e9e\" \/>\n\t<meta name=\"twitter:data1\" content=\"3 minutes\" \/>\n<script type=\"application\/ld+json\" class=\"yoast-schema-graph\">{\"@context\":\"https:\/\/schema.org\",\"@graph\":[{\"@type\":\"WebPage\",\"@id\":\"https:\/\/www.metalreti.com\/prodotti\/reti-elettrosaldate\/rotoli\/\",\"url\":\"https:\/\/www.metalreti.com\/prodotti\/reti-elettrosaldate\/rotoli\/\",\"name\":\"Rouleaux | METALRETI\",\"isPartOf\":{\"@id\":\"https:\/\/www.metalreti.com\/#website\"},\"datePublished\":\"2019-07-30T17:21:26+00:00\",\"dateModified\":\"2019-11-04T16:40:53+00:00\",\"breadcrumb\":{\"@id\":\"https:\/\/www.metalreti.com\/prodotti\/reti-elettrosaldate\/rotoli\/#breadcrumb\"},\"inLanguage\":\"fr-FR\",\"potentialAction\":[{\"@type\":\"ReadAction\",\"target\":[\"https:\/\/www.metalreti.com\/prodotti\/reti-elettrosaldate\/rotoli\/\"]}]},{\"@type\":\"BreadcrumbList\",\"@id\":\"https:\/\/www.metalreti.com\/prodotti\/reti-elettrosaldate\/rotoli\/#breadcrumb\",\"itemListElement\":[{\"@type\":\"ListItem\",\"position\":1,\"name\":\"Home\",\"item\":\"https:\/\/www.metalreti.com\/fr\/\"},{\"@type\":\"ListItem\",\"position\":2,\"name\":\"Produits\",\"item\":\"https:\/\/www.metalreti.com\/prodotti\/\"},{\"@type\":\"ListItem\",\"position\":3,\"name\":\"Grillage soud\u00e9\",\"item\":\"https:\/\/www.metalreti.com\/prodotti\/reti-elettrosaldate\/\"},{\"@type\":\"ListItem\",\"position\":4,\"name\":\"Rouleaux\"}]},{\"@type\":\"WebSite\",\"@id\":\"https:\/\/www.metalreti.com\/#website\",\"url\":\"https:\/\/www.metalreti.com\/\",\"name\":\"METALRETI\",\"description\":\"Reti elettrosaldate e ondulate\",\"publisher\":{\"@id\":\"https:\/\/www.metalreti.com\/#organization\"},\"potentialAction\":[{\"@type\":\"SearchAction\",\"target\":{\"@type\":\"EntryPoint\",\"urlTemplate\":\"https:\/\/www.metalreti.com\/?s={search_term_string}\"},\"query-input\":{\"@type\":\"PropertyValueSpecification\",\"valueRequired\":true,\"valueName\":\"search_term_string\"}}],\"inLanguage\":\"fr-FR\"},{\"@type\":\"Organization\",\"@id\":\"https:\/\/www.metalreti.com\/#organization\",\"name\":\"METALRETI\",\"url\":\"https:\/\/www.metalreti.com\/\",\"logo\":{\"@type\":\"ImageObject\",\"inLanguage\":\"fr-FR\",\"@id\":\"https:\/\/www.metalreti.com\/#\/schema\/logo\/image\/\",\"url\":\"https:\/\/www.metalreti.com\/wp-content\/uploads\/2019\/07\/logo-main2.png\",\"contentUrl\":\"https:\/\/www.metalreti.com\/wp-content\/uploads\/2019\/07\/logo-main2.png\",\"width\":327,\"height\":120,\"caption\":\"METALRETI\"},\"image\":{\"@id\":\"https:\/\/www.metalreti.com\/#\/schema\/logo\/image\/\"}}]}<\/script>\n<!-- \/ Yoast SEO plugin. -->","yoast_head_json":{"title":"Rouleaux | METALRETI","robots":{"index":"index","follow":"follow","max-snippet":"max-snippet:-1","max-image-preview":"max-image-preview:large","max-video-preview":"max-video-preview:-1"},"canonical":"https:\/\/www.metalreti.com\/prodotti\/reti-elettrosaldate\/rotoli\/","og_locale":"fr_FR","og_type":"article","og_title":"Rouleaux | METALRETI","og_description":"[vc_row css_animation=\u00a0\u00bb\u00a0\u00bb row_type=\u00a0\u00bbrow\u00a0\u00bb use_row_as_full_screen_section=\u00a0\u00bbno\u00a0\u00bb type=\u00a0\u00bbgrid\u00a0\u00bb angled_section=\u00a0\u00bbno\u00a0\u00bb text_align=\u00a0\u00bbleft\u00a0\u00bb background_image_as_pattern=\u00a0\u00bbwithout_pattern\u00a0\u00bb z_index=\u00a0\u00bb\u00a0\u00bb css=\u00a0\u00bb.vc_custom_1564506649577{margin-top: 50px !important;margin-bottom: 20px !important;}\u00a0\u00bb][vc_column width=\u00a0\u00bb2\/3&Prime;][vc_column_text] Grillage soud\u00e9 en AISI 304 en rouleaux [\/vc_column_text][vc_empty_space height=\u00a0\u00bb20px\u00a0\u00bb][vc_column_text]Les grillages soud\u00e9s sont produits en soudant deux fils au point d\u2019intersection. Les grillages soud\u00e9s avec des mailles petites et des fils...","og_url":"https:\/\/www.metalreti.com\/prodotti\/reti-elettrosaldate\/rotoli\/","og_site_name":"METALRETI","article_modified_time":"2019-11-04T16:40:53+00:00","twitter_card":"summary_large_image","twitter_misc":{"Dur\u00e9e de lecture estim\u00e9e":"3 minutes"},"schema":{"@context":"https:\/\/schema.org","@graph":[{"@type":"WebPage","@id":"https:\/\/www.metalreti.com\/prodotti\/reti-elettrosaldate\/rotoli\/","url":"https:\/\/www.metalreti.com\/prodotti\/reti-elettrosaldate\/rotoli\/","name":"Rouleaux | METALRETI","isPartOf":{"@id":"https:\/\/www.metalreti.com\/#website"},"datePublished":"2019-07-30T17:21:26+00:00","dateModified":"2019-11-04T16:40:53+00:00","breadcrumb":{"@id":"https:\/\/www.metalreti.com\/prodotti\/reti-elettrosaldate\/rotoli\/#breadcrumb"},"inLanguage":"fr-FR","potentialAction":[{"@type":"ReadAction","target":["https:\/\/www.metalreti.com\/prodotti\/reti-elettrosaldate\/rotoli\/"]}]},{"@type":"BreadcrumbList","@id":"https:\/\/www.metalreti.com\/prodotti\/reti-elettrosaldate\/rotoli\/#breadcrumb","itemListElement":[{"@type":"ListItem","position":1,"name":"Home","item":"https:\/\/www.metalreti.com\/fr\/"},{"@type":"ListItem","position":2,"name":"Produits","item":"https:\/\/www.metalreti.com\/prodotti\/"},{"@type":"ListItem","position":3,"name":"Grillage soud\u00e9","item":"https:\/\/www.metalreti.com\/prodotti\/reti-elettrosaldate\/"},{"@type":"ListItem","position":4,"name":"Rouleaux"}]},{"@type":"WebSite","@id":"https:\/\/www.metalreti.com\/#website","url":"https:\/\/www.metalreti.com\/","name":"METALRETI","description":"Reti elettrosaldate e ondulate","publisher":{"@id":"https:\/\/www.metalreti.com\/#organization"},"potentialAction":[{"@type":"SearchAction","target":{"@type":"EntryPoint","urlTemplate":"https:\/\/www.metalreti.com\/?s={search_term_string}"},"query-input":{"@type":"PropertyValueSpecification","valueRequired":true,"valueName":"search_term_string"}}],"inLanguage":"fr-FR"},{"@type":"Organization","@id":"https:\/\/www.metalreti.com\/#organization","name":"METALRETI","url":"https:\/\/www.metalreti.com\/","logo":{"@type":"ImageObject","inLanguage":"fr-FR","@id":"https:\/\/www.metalreti.com\/#\/schema\/logo\/image\/","url":"https:\/\/www.metalreti.com\/wp-content\/uploads\/2019\/07\/logo-main2.png","contentUrl":"https:\/\/www.metalreti.com\/wp-content\/uploads\/2019\/07\/logo-main2.png","width":327,"height":120,"caption":"METALRETI"},"image":{"@id":"https:\/\/www.metalreti.com\/#\/schema\/logo\/image\/"}}]}},"_links":{"self":[{"href":"https:\/\/www.metalreti.com\/fr\/wp-json\/wp\/v2\/pages\/814"}],"collection":[{"href":"https:\/\/www.metalreti.com\/fr\/wp-json\/wp\/v2\/pages"}],"about":[{"href":"https:\/\/www.metalreti.com\/fr\/wp-json\/wp\/v2\/types\/page"}],"author":[{"embeddable":true,"href":"https:\/\/www.metalreti.com\/fr\/wp-json\/wp\/v2\/users\/1"}],"replies":[{"embeddable":true,"href":"https:\/\/www.metalreti.com\/fr\/wp-json\/wp\/v2\/comments?post=814"}],"version-history":[{"count":5,"href":"https:\/\/www.metalreti.com\/fr\/wp-json\/wp\/v2\/pages\/814\/revisions"}],"predecessor-version":[{"id":968,"href":"https:\/\/www.metalreti.com\/fr\/wp-json\/wp\/v2\/pages\/814\/revisions\/968"}],"up":[{"embeddable":true,"href":"https:\/\/www.metalreti.com\/fr\/wp-json\/wp\/v2\/pages\/793"}],"wp:attachment":[{"href":"https:\/\/www.metalreti.com\/fr\/wp-json\/wp\/v2\/media?parent=814"}],"curies":[{"name":"wp","href":"https:\/\/api.w.org\/{rel}","templated":true}]}}