{"id":846,"date":"2019-07-30T19:32:11","date_gmt":"2019-07-30T17:32:11","guid":{"rendered":"https:\/\/www.metalreti.com\/prodotti\/reti-ondulate\/pannelli\/"},"modified":"2019-10-27T12:48:58","modified_gmt":"2019-10-27T11:48:58","slug":"pannelli","status":"publish","type":"page","link":"https:\/\/www.metalreti.com\/fr\/prodotti\/reti-ondulate\/pannelli\/","title":{"rendered":"Panneaux"},"content":{"rendered":"<div class=\"wpb-content-wrapper\"><p>[vc_row css_animation=\u00a0\u00bb\u00a0\u00bb row_type=\u00a0\u00bbrow\u00a0\u00bb use_row_as_full_screen_section=\u00a0\u00bbno\u00a0\u00bb type=\u00a0\u00bbgrid\u00a0\u00bb angled_section=\u00a0\u00bbno\u00a0\u00bb text_align=\u00a0\u00bbleft\u00a0\u00bb background_image_as_pattern=\u00a0\u00bbwithout_pattern\u00a0\u00bb z_index=\u00a0\u00bb\u00a0\u00bb css=\u00a0\u00bb.vc_custom_1564506649577{margin-top: 50px !important;margin-bottom: 20px !important;}\u00a0\u00bb][vc_column width=\u00a0\u00bb2\/3&Prime;][vc_column_text]<\/p>\n<h2 style=\"font-size: 24px;\">Grillage ondul\u00e9 en acier inox en panneaux<\/h2>\n<p>[\/vc_column_text][vc_empty_space height=\u00a0\u00bb20px\u00a0\u00bb][vc_column_text]<span lang=\"fr-FR\">Les grillages ondul\u00e9s sont r\u00e9alis\u00e9s en tissant les fils, ondul\u00e9s par avance, aux points d\u2019intersection.<\/span><\/p>\n<p><span lang=\"fr-FR\">Les panneaux de grillage ondul\u00e9 peuvent \u00eatre r\u00e9alis\u00e9s avec des mailles carr\u00e9es, rectangulaires ou suivant un dessein particulier.<\/span><\/p>\n<p><span lang=\"fr-FR\">Nous pouvons aussi produire des formats hors-standard sur demande, m\u00eame pour de petites quantit\u00e9s.<\/span><\/p>\n<p><span lang=\"fr-FR\">Par la suite vous trouvez une liste des articles toujours en stock en AISI 304. Sur demande, les m\u00eames mod\u00e8les peuvent \u00eatre fournis aussi en AISI 316:<\/span>[\/vc_column_text][vc_empty_space height=\u00a0\u00bb20px\u00a0\u00bb][vc_column_text]<\/p>\n<table class=\"metalreti-table\" border=\"1\" width=\"446\" cellspacing=\"0\" cellpadding=\"9\">\n<colgroup>\n<col width=\"84\" \/>\n<col width=\"130\" \/>\n<col width=\"177\" \/> <\/colgroup>\n<tbody>\n<tr valign=\"TOP\">\n<td class=\"metalreti-table-header\" width=\"84\">\u00d8 fil (mm)<\/td>\n<td class=\"metalreti-table-header\" width=\"130\">Maille \u2013 vide (mm)<\/td>\n<td class=\"metalreti-table-header\" width=\"177\">Format panneau (mm)<\/td>\n<\/tr>\n<tr valign=\"TOP\">\n<td width=\"84\">\n<p align=\"CENTER\">2<\/p>\n<\/td>\n<td width=\"130\">\n<p align=\"CENTER\">10&#215;10<\/p>\n<\/td>\n<td width=\"177\">\n<p align=\"CENTER\">1000 x 2000<\/p>\n<\/td>\n<\/tr>\n<tr valign=\"TOP\">\n<td width=\"84\">\n<p align=\"CENTER\">2<\/p>\n<\/td>\n<td width=\"130\">\n<p align=\"CENTER\">15&#215;15<\/p>\n<\/td>\n<td width=\"177\">\n<p align=\"CENTER\">1000 x 2000<\/p>\n<\/td>\n<\/tr>\n<tr valign=\"TOP\">\n<td width=\"84\">\n<p align=\"CENTER\">2<\/p>\n<\/td>\n<td width=\"130\">\n<p align=\"CENTER\">20&#215;20<\/p>\n<\/td>\n<td width=\"177\">\n<p align=\"CENTER\">1000 x 2000<\/p>\n<\/td>\n<\/tr>\n<tr valign=\"TOP\">\n<td width=\"84\">\n<p align=\"CENTER\">2,50<\/p>\n<\/td>\n<td width=\"130\">\n<p align=\"CENTER\">20&#215;20<\/p>\n<\/td>\n<td width=\"177\">\n<p align=\"CENTER\">1000 x 2000<\/p>\n<\/td>\n<\/tr>\n<tr valign=\"TOP\">\n<td width=\"84\">\n<p align=\"CENTER\">3<\/p>\n<\/td>\n<td width=\"130\">\n<p align=\"CENTER\">20&#215;20<\/p>\n<\/td>\n<td width=\"177\">\n<p align=\"CENTER\">1000 x 2000<\/p>\n<\/td>\n<\/tr>\n<tr valign=\"TOP\">\n<td width=\"84\">\n<p align=\"CENTER\">3<\/p>\n<\/td>\n<td width=\"130\">\n<p align=\"CENTER\">30&#215;30<\/p>\n<\/td>\n<td width=\"177\">\n<p align=\"CENTER\">1000 x 2000<\/p>\n<\/td>\n<\/tr>\n<tr valign=\"TOP\">\n<td width=\"84\">\n<p align=\"CENTER\">4<\/p>\n<\/td>\n<td width=\"130\">\n<p align=\"CENTER\">40&#215;40<\/p>\n<\/td>\n<td width=\"177\">\n<p align=\"CENTER\">1000 x 2000<\/p>\n<\/td>\n<\/tr>\n<\/tbody>\n<\/table>\n<p>[\/vc_column_text][\/vc_column][vc_column width=\u00a0\u00bb1\/3&Prime;][vc_single_image image=\u00a0\u00bb857&Prime; img_size=\u00a0\u00bbfull\u00a0\u00bb qode_css_animation=\u00a0\u00bb\u00a0\u00bb][\/vc_column][\/vc_row][vc_row css_animation=\u00a0\u00bb\u00a0\u00bb row_type=\u00a0\u00bbrow\u00a0\u00bb use_row_as_full_screen_section=\u00a0\u00bbno\u00a0\u00bb type=\u00a0\u00bbgrid\u00a0\u00bb angled_section=\u00a0\u00bbno\u00a0\u00bb text_align=\u00a0\u00bbleft\u00a0\u00bb background_image_as_pattern=\u00a0\u00bbwithout_pattern\u00a0\u00bb z_index=\u00a0\u00bb\u00a0\u00bb css=\u00a0\u00bb.vc_custom_1564506664912{margin-top: 50px !important;margin-bottom: 40px !important;}\u00a0\u00bb][vc_column width=\u00a0\u00bb2\/3&Prime;][vc_column_text]<\/p>\n<h2 style=\"font-size: 24px;\">Grillage ondul\u00e9 en acier doux et fil pr\u00e9-galva en panneaux<\/h2>\n<p>[\/vc_column_text][vc_empty_space height=\u00a0\u00bb20px\u00a0\u00bb][vc_column_text]<span lang=\"fr-FR\">Les grillages ondul\u00e9s sont r\u00e9alis\u00e9s en tissant les fils, ondul\u00e9s par avance, aux points d\u2019intersection.<\/span><\/p>\n<p><span lang=\"fr-FR\">Les panneaux de grillage ondul\u00e9 peuvent \u00eatre r\u00e9alis\u00e9s avec des mailles carr\u00e9es, rectangulaires ou suivant un dessein particulier.<\/span><\/p>\n<p><span lang=\"fr-FR\">Nous pouvons aussi produire des formats hors-standard sur demande, m\u00eame pour de petites quantit\u00e9s.<\/span><\/p>\n<p><span lang=\"fr-FR\">Par la suite vous trouvez une liste des articles toujours en stock\u00a0: <\/span>[\/vc_column_text][vc_empty_space height=\u00a0\u00bb20px\u00a0\u00bb][vc_column_text]<\/p>\n<table class=\"metalreti-table\" border=\"1\" width=\"821\" cellspacing=\"0\" cellpadding=\"9\">\n<colgroup>\n<col width=\"80\" \/>\n<col width=\"123\" \/>\n<col width=\"168\" \/>\n<col width=\"185\" \/>\n<col width=\"174\" \/> <\/colgroup>\n<tbody>\n<tr valign=\"TOP\">\n<td class=\"metalreti-table-header\" width=\"80\">\u00d8 fil (mm)<\/td>\n<td class=\"metalreti-table-header\" width=\"123\">Maille &#8211; vide (mm)<\/td>\n<td class=\"metalreti-table-header\" width=\"168\">Format panneau (mm)<\/td>\n<td class=\"metalreti-table-header\" width=\"185\">Dispo en acier doux<\/td>\n<td class=\"metalreti-table-header\" width=\"174\">Dispo en pr\u00e9-galva<\/td>\n<\/tr>\n<tr valign=\"TOP\">\n<td width=\"80\">\n<p align=\"CENTER\">2<\/p>\n<\/td>\n<td width=\"123\">\n<p align=\"CENTER\">10&#215;10<\/p>\n<\/td>\n<td width=\"168\">\n<p align=\"CENTER\">1000 x 2000<\/p>\n<\/td>\n<td width=\"185\">\n<p align=\"CENTER\">x<\/p>\n<\/td>\n<td width=\"174\">\n<p align=\"CENTER\">x<\/p>\n<\/td>\n<\/tr>\n<tr valign=\"TOP\">\n<td width=\"80\">\n<p align=\"CENTER\">2,50<\/p>\n<\/td>\n<td width=\"123\">\n<p align=\"CENTER\">15&#215;15<\/p>\n<\/td>\n<td width=\"168\">\n<p align=\"CENTER\">1000 x 2000<\/p>\n<\/td>\n<td width=\"185\">\n<p align=\"CENTER\">x<\/p>\n<\/td>\n<td width=\"174\">\n<p align=\"CENTER\">x<\/p>\n<\/td>\n<\/tr>\n<tr valign=\"TOP\">\n<td width=\"80\">\n<p align=\"CENTER\">3<\/p>\n<\/td>\n<td width=\"123\">\n<p align=\"CENTER\">20&#215;20<\/p>\n<\/td>\n<td width=\"168\">\n<p align=\"CENTER\">1000 x 2000<\/p>\n<\/td>\n<td width=\"185\">\n<p align=\"CENTER\">x<\/p>\n<\/td>\n<td width=\"174\">\n<p align=\"CENTER\">x<\/p>\n<\/td>\n<\/tr>\n<tr valign=\"TOP\">\n<td width=\"80\">\n<p align=\"CENTER\">3<\/p>\n<\/td>\n<td width=\"123\">\n<p align=\"CENTER\">27&#215;27<\/p>\n<\/td>\n<td width=\"168\">\n<p align=\"CENTER\">1000 x 2000<\/p>\n<\/td>\n<td width=\"185\">\n<p align=\"CENTER\">x<\/p>\n<\/td>\n<td width=\"174\"><\/td>\n<\/tr>\n<tr valign=\"TOP\">\n<td width=\"80\">\n<p align=\"CENTER\">3<\/p>\n<\/td>\n<td width=\"123\">\n<p align=\"CENTER\">30&#215;30<\/p>\n<\/td>\n<td width=\"168\">\n<p align=\"CENTER\">1000 x 2000<\/p>\n<\/td>\n<td width=\"185\">\n<p align=\"CENTER\">x<\/p>\n<\/td>\n<td width=\"174\">\n<p align=\"CENTER\">x<\/p>\n<\/td>\n<\/tr>\n<tr valign=\"TOP\">\n<td width=\"80\">\n<p align=\"CENTER\">3<\/p>\n<\/td>\n<td width=\"123\">\n<p align=\"CENTER\">36&#215;36<\/p>\n<\/td>\n<td width=\"168\">\n<p align=\"CENTER\">1000 x 2000<\/p>\n<\/td>\n<td width=\"185\">\n<p align=\"CENTER\">x<\/p>\n<\/td>\n<td width=\"174\">\n<p align=\"CENTER\">x<\/p>\n<\/td>\n<\/tr>\n<tr valign=\"TOP\">\n<td width=\"80\">\n<p align=\"CENTER\">4<\/p>\n<\/td>\n<td width=\"123\">\n<p align=\"CENTER\">40&#215;40<\/p>\n<\/td>\n<td width=\"168\">\n<p align=\"CENTER\">1000 x 2000<\/p>\n<\/td>\n<td width=\"185\">\n<p align=\"CENTER\">x<\/p>\n<\/td>\n<td width=\"174\">\n<p align=\"CENTER\">x<\/p>\n<\/td>\n<\/tr>\n<tr valign=\"TOP\">\n<td width=\"80\">\n<p align=\"CENTER\">5<\/p>\n<\/td>\n<td width=\"123\">\n<p align=\"CENTER\">45&#215;45<\/p>\n<\/td>\n<td width=\"168\">\n<p align=\"CENTER\">1000 x 2000<\/p>\n<\/td>\n<td width=\"185\">\n<p align=\"CENTER\">x<\/p>\n<\/td>\n<td width=\"174\">\n<p align=\"CENTER\">x<\/p>\n<\/td>\n<\/tr>\n<\/tbody>\n<\/table>\n<p>[\/vc_column_text][vc_empty_space height=\u00a0\u00bb20px\u00a0\u00bb][\/vc_column][vc_column width=\u00a0\u00bb1\/3&Prime;][vc_single_image image=\u00a0\u00bb847&Prime; img_size=\u00a0\u00bbfull\u00a0\u00bb qode_css_animation=\u00a0\u00bb\u00a0\u00bb][\/vc_column][\/vc_row][vc_row css_animation=\u00a0\u00bb\u00a0\u00bb row_type=\u00a0\u00bbrow\u00a0\u00bb use_row_as_full_screen_section=\u00a0\u00bbno\u00a0\u00bb type=\u00a0\u00bbfull_width\u00a0\u00bb angled_section=\u00a0\u00bbno\u00a0\u00bb text_align=\u00a0\u00bbleft\u00a0\u00bb background_image_as_pattern=\u00a0\u00bbwithout_pattern\u00a0\u00bb css=\u00a0\u00bb.vc_custom_1563397352536{background-color: #eeeeee !important;}\u00a0\u00bb z_index=\u00a0\u00bb\u00a0\u00bb][vc_column][qode_elements_holder background_color=\u00a0\u00bb#eeeeee\u00a0\u00bb number_of_columns=\u00a0\u00bbone_column\u00a0\u00bb switch_to_one_column=\u00a0\u00bb1000&Prime;][qode_elements_holder_item advanced_animations=\u00a0\u00bbno\u00a0\u00bb background_color=\u00a0\u00bb#eeeeee\u00a0\u00bb item_padding=\u00a0\u00bb0&Prime;]<div class=\"call_to_action normal\" style=\"\"><div class=\"container_inner\"><div class=\"two_columns_75_25 clearfix\"><div class=\"text_wrapper column1\"><div class=\"call_to_action_text \" style=\"\">Contactez-nous pour plus d\u2019info<\/div><\/div><div class=\"button_wrapper column2\"><a itemprop=\"url\" href=\"\/fr\/contatti\/\" class=\"qbutton white \" target=\"_self\" style=\"background-color: #467199;\"data-hover-background-color=#ffffff data-hover-color=#467199>Contact<\/a><\/div><\/div><\/div><\/div>[\/qode_elements_holder_item][\/qode_elements_holder][\/vc_column][\/vc_row]<\/p>\n<\/div>","protected":false},"excerpt":{"rendered":"<p>[vc_row css_animation=\u00a0\u00bb\u00a0\u00bb row_type=\u00a0\u00bbrow\u00a0\u00bb use_row_as_full_screen_section=\u00a0\u00bbno\u00a0\u00bb type=\u00a0\u00bbgrid\u00a0\u00bb angled_section=\u00a0\u00bbno\u00a0\u00bb text_align=\u00a0\u00bbleft\u00a0\u00bb background_image_as_pattern=\u00a0\u00bbwithout_pattern\u00a0\u00bb z_index=\u00a0\u00bb\u00a0\u00bb css=\u00a0\u00bb.vc_custom_1564506649577{margin-top: 50px !important;margin-bottom: 20px !important;}\u00a0\u00bb][vc_column width=\u00a0\u00bb2\/3&Prime;][vc_column_text] Grillage ondul\u00e9 en acier inox en panneaux [\/vc_column_text][vc_empty_space height=\u00a0\u00bb20px\u00a0\u00bb][vc_column_text]Les grillages ondul\u00e9s sont r\u00e9alis\u00e9s en tissant les fils, ondul\u00e9s par avance, aux points d\u2019intersection. Les panneaux de grillage ondul\u00e9 peuvent \u00eatre&#8230;<\/p>\n","protected":false},"author":1,"featured_media":0,"parent":827,"menu_order":0,"comment_status":"closed","ping_status":"closed","template":"full_width.php","meta":{"footnotes":""},"class_list":["post-846","page","type-page","status-publish","hentry"],"yoast_head":"<!-- This site is optimized with the Yoast SEO plugin v23.8 - https:\/\/yoast.com\/wordpress\/plugins\/seo\/ -->\n<title>Panneaux | METALRETI<\/title>\n<meta name=\"robots\" content=\"index, follow, max-snippet:-1, max-image-preview:large, max-video-preview:-1\" \/>\n<link rel=\"canonical\" href=\"https:\/\/www.metalreti.com\/prodotti\/reti-ondulate\/pannelli\/\" \/>\n<meta property=\"og:locale\" content=\"fr_FR\" \/>\n<meta property=\"og:type\" content=\"article\" \/>\n<meta property=\"og:title\" content=\"Panneaux | METALRETI\" \/>\n<meta property=\"og:description\" content=\"[vc_row css_animation=\u00a0\u00bb\u00a0\u00bb row_type=\u00a0\u00bbrow\u00a0\u00bb use_row_as_full_screen_section=\u00a0\u00bbno\u00a0\u00bb type=\u00a0\u00bbgrid\u00a0\u00bb angled_section=\u00a0\u00bbno\u00a0\u00bb text_align=\u00a0\u00bbleft\u00a0\u00bb background_image_as_pattern=\u00a0\u00bbwithout_pattern\u00a0\u00bb z_index=\u00a0\u00bb\u00a0\u00bb css=\u00a0\u00bb.vc_custom_1564506649577{margin-top: 50px !important;margin-bottom: 20px !important;}\u00a0\u00bb][vc_column width=\u00a0\u00bb2\/3&Prime;][vc_column_text] Grillage ondul\u00e9 en acier inox en panneaux [\/vc_column_text][vc_empty_space height=\u00a0\u00bb20px\u00a0\u00bb][vc_column_text]Les grillages ondul\u00e9s sont r\u00e9alis\u00e9s en tissant les fils, ondul\u00e9s par avance, aux points d\u2019intersection. Les panneaux de grillage ondul\u00e9 peuvent \u00eatre...\" \/>\n<meta property=\"og:url\" content=\"https:\/\/www.metalreti.com\/prodotti\/reti-ondulate\/pannelli\/\" \/>\n<meta property=\"og:site_name\" content=\"METALRETI\" \/>\n<meta property=\"article:modified_time\" content=\"2019-10-27T11:48:58+00:00\" \/>\n<meta name=\"twitter:card\" content=\"summary_large_image\" \/>\n<meta name=\"twitter:label1\" content=\"Dur\u00e9e de lecture estim\u00e9e\" \/>\n\t<meta name=\"twitter:data1\" content=\"3 minutes\" \/>\n<script type=\"application\/ld+json\" class=\"yoast-schema-graph\">{\"@context\":\"https:\/\/schema.org\",\"@graph\":[{\"@type\":\"WebPage\",\"@id\":\"https:\/\/www.metalreti.com\/prodotti\/reti-ondulate\/pannelli\/\",\"url\":\"https:\/\/www.metalreti.com\/prodotti\/reti-ondulate\/pannelli\/\",\"name\":\"Panneaux | METALRETI\",\"isPartOf\":{\"@id\":\"https:\/\/www.metalreti.com\/#website\"},\"datePublished\":\"2019-07-30T17:32:11+00:00\",\"dateModified\":\"2019-10-27T11:48:58+00:00\",\"breadcrumb\":{\"@id\":\"https:\/\/www.metalreti.com\/prodotti\/reti-ondulate\/pannelli\/#breadcrumb\"},\"inLanguage\":\"fr-FR\",\"potentialAction\":[{\"@type\":\"ReadAction\",\"target\":[\"https:\/\/www.metalreti.com\/prodotti\/reti-ondulate\/pannelli\/\"]}]},{\"@type\":\"BreadcrumbList\",\"@id\":\"https:\/\/www.metalreti.com\/prodotti\/reti-ondulate\/pannelli\/#breadcrumb\",\"itemListElement\":[{\"@type\":\"ListItem\",\"position\":1,\"name\":\"Home\",\"item\":\"https:\/\/www.metalreti.com\/fr\/\"},{\"@type\":\"ListItem\",\"position\":2,\"name\":\"Produits\",\"item\":\"https:\/\/www.metalreti.com\/prodotti\/\"},{\"@type\":\"ListItem\",\"position\":3,\"name\":\"Grillage ondul\u00e9\",\"item\":\"https:\/\/www.metalreti.com\/prodotti\/reti-ondulate\/\"},{\"@type\":\"ListItem\",\"position\":4,\"name\":\"Panneaux\"}]},{\"@type\":\"WebSite\",\"@id\":\"https:\/\/www.metalreti.com\/#website\",\"url\":\"https:\/\/www.metalreti.com\/\",\"name\":\"METALRETI\",\"description\":\"Reti elettrosaldate e ondulate\",\"publisher\":{\"@id\":\"https:\/\/www.metalreti.com\/#organization\"},\"potentialAction\":[{\"@type\":\"SearchAction\",\"target\":{\"@type\":\"EntryPoint\",\"urlTemplate\":\"https:\/\/www.metalreti.com\/?s={search_term_string}\"},\"query-input\":{\"@type\":\"PropertyValueSpecification\",\"valueRequired\":true,\"valueName\":\"search_term_string\"}}],\"inLanguage\":\"fr-FR\"},{\"@type\":\"Organization\",\"@id\":\"https:\/\/www.metalreti.com\/#organization\",\"name\":\"METALRETI\",\"url\":\"https:\/\/www.metalreti.com\/\",\"logo\":{\"@type\":\"ImageObject\",\"inLanguage\":\"fr-FR\",\"@id\":\"https:\/\/www.metalreti.com\/#\/schema\/logo\/image\/\",\"url\":\"https:\/\/www.metalreti.com\/wp-content\/uploads\/2019\/07\/logo-main2.png\",\"contentUrl\":\"https:\/\/www.metalreti.com\/wp-content\/uploads\/2019\/07\/logo-main2.png\",\"width\":327,\"height\":120,\"caption\":\"METALRETI\"},\"image\":{\"@id\":\"https:\/\/www.metalreti.com\/#\/schema\/logo\/image\/\"}}]}<\/script>\n<!-- \/ Yoast SEO plugin. -->","yoast_head_json":{"title":"Panneaux | METALRETI","robots":{"index":"index","follow":"follow","max-snippet":"max-snippet:-1","max-image-preview":"max-image-preview:large","max-video-preview":"max-video-preview:-1"},"canonical":"https:\/\/www.metalreti.com\/prodotti\/reti-ondulate\/pannelli\/","og_locale":"fr_FR","og_type":"article","og_title":"Panneaux | METALRETI","og_description":"[vc_row css_animation=\u00a0\u00bb\u00a0\u00bb row_type=\u00a0\u00bbrow\u00a0\u00bb use_row_as_full_screen_section=\u00a0\u00bbno\u00a0\u00bb type=\u00a0\u00bbgrid\u00a0\u00bb angled_section=\u00a0\u00bbno\u00a0\u00bb text_align=\u00a0\u00bbleft\u00a0\u00bb background_image_as_pattern=\u00a0\u00bbwithout_pattern\u00a0\u00bb z_index=\u00a0\u00bb\u00a0\u00bb css=\u00a0\u00bb.vc_custom_1564506649577{margin-top: 50px !important;margin-bottom: 20px !important;}\u00a0\u00bb][vc_column width=\u00a0\u00bb2\/3&Prime;][vc_column_text] Grillage ondul\u00e9 en acier inox en panneaux [\/vc_column_text][vc_empty_space height=\u00a0\u00bb20px\u00a0\u00bb][vc_column_text]Les grillages ondul\u00e9s sont r\u00e9alis\u00e9s en tissant les fils, ondul\u00e9s par avance, aux points d\u2019intersection. Les panneaux de grillage ondul\u00e9 peuvent \u00eatre...","og_url":"https:\/\/www.metalreti.com\/prodotti\/reti-ondulate\/pannelli\/","og_site_name":"METALRETI","article_modified_time":"2019-10-27T11:48:58+00:00","twitter_card":"summary_large_image","twitter_misc":{"Dur\u00e9e de lecture estim\u00e9e":"3 minutes"},"schema":{"@context":"https:\/\/schema.org","@graph":[{"@type":"WebPage","@id":"https:\/\/www.metalreti.com\/prodotti\/reti-ondulate\/pannelli\/","url":"https:\/\/www.metalreti.com\/prodotti\/reti-ondulate\/pannelli\/","name":"Panneaux | METALRETI","isPartOf":{"@id":"https:\/\/www.metalreti.com\/#website"},"datePublished":"2019-07-30T17:32:11+00:00","dateModified":"2019-10-27T11:48:58+00:00","breadcrumb":{"@id":"https:\/\/www.metalreti.com\/prodotti\/reti-ondulate\/pannelli\/#breadcrumb"},"inLanguage":"fr-FR","potentialAction":[{"@type":"ReadAction","target":["https:\/\/www.metalreti.com\/prodotti\/reti-ondulate\/pannelli\/"]}]},{"@type":"BreadcrumbList","@id":"https:\/\/www.metalreti.com\/prodotti\/reti-ondulate\/pannelli\/#breadcrumb","itemListElement":[{"@type":"ListItem","position":1,"name":"Home","item":"https:\/\/www.metalreti.com\/fr\/"},{"@type":"ListItem","position":2,"name":"Produits","item":"https:\/\/www.metalreti.com\/prodotti\/"},{"@type":"ListItem","position":3,"name":"Grillage ondul\u00e9","item":"https:\/\/www.metalreti.com\/prodotti\/reti-ondulate\/"},{"@type":"ListItem","position":4,"name":"Panneaux"}]},{"@type":"WebSite","@id":"https:\/\/www.metalreti.com\/#website","url":"https:\/\/www.metalreti.com\/","name":"METALRETI","description":"Reti elettrosaldate e ondulate","publisher":{"@id":"https:\/\/www.metalreti.com\/#organization"},"potentialAction":[{"@type":"SearchAction","target":{"@type":"EntryPoint","urlTemplate":"https:\/\/www.metalreti.com\/?s={search_term_string}"},"query-input":{"@type":"PropertyValueSpecification","valueRequired":true,"valueName":"search_term_string"}}],"inLanguage":"fr-FR"},{"@type":"Organization","@id":"https:\/\/www.metalreti.com\/#organization","name":"METALRETI","url":"https:\/\/www.metalreti.com\/","logo":{"@type":"ImageObject","inLanguage":"fr-FR","@id":"https:\/\/www.metalreti.com\/#\/schema\/logo\/image\/","url":"https:\/\/www.metalreti.com\/wp-content\/uploads\/2019\/07\/logo-main2.png","contentUrl":"https:\/\/www.metalreti.com\/wp-content\/uploads\/2019\/07\/logo-main2.png","width":327,"height":120,"caption":"METALRETI"},"image":{"@id":"https:\/\/www.metalreti.com\/#\/schema\/logo\/image\/"}}]}},"_links":{"self":[{"href":"https:\/\/www.metalreti.com\/fr\/wp-json\/wp\/v2\/pages\/846"}],"collection":[{"href":"https:\/\/www.metalreti.com\/fr\/wp-json\/wp\/v2\/pages"}],"about":[{"href":"https:\/\/www.metalreti.com\/fr\/wp-json\/wp\/v2\/types\/page"}],"author":[{"embeddable":true,"href":"https:\/\/www.metalreti.com\/fr\/wp-json\/wp\/v2\/users\/1"}],"replies":[{"embeddable":true,"href":"https:\/\/www.metalreti.com\/fr\/wp-json\/wp\/v2\/comments?post=846"}],"version-history":[{"count":4,"href":"https:\/\/www.metalreti.com\/fr\/wp-json\/wp\/v2\/pages\/846\/revisions"}],"predecessor-version":[{"id":955,"href":"https:\/\/www.metalreti.com\/fr\/wp-json\/wp\/v2\/pages\/846\/revisions\/955"}],"up":[{"embeddable":true,"href":"https:\/\/www.metalreti.com\/fr\/wp-json\/wp\/v2\/pages\/827"}],"wp:attachment":[{"href":"https:\/\/www.metalreti.com\/fr\/wp-json\/wp\/v2\/media?parent=846"}],"curies":[{"name":"wp","href":"https:\/\/api.w.org\/{rel}","templated":true}]}}